{"id":3,"date":"2022-03-01T23:43:50","date_gmt":"2022-03-01T23:43:50","guid":{"rendered":"http:\/\/fiftyone.es\/?page_id=3"},"modified":"2022-04-07T01:54:05","modified_gmt":"2022-04-07T00:54:05","slug":"politica-de-privacidad","status":"publish","type":"page","link":"https:\/\/fiftyone.es\/en\/politica-de-privacidad\/","title":{"rendered":"Pol\u00edtica de privacidad"},"content":{"rendered":"<br><ol><li><strong>Datos del Responsable<\/strong><\/li><\/ol>\n\n\n\n<p>En cumplimiento de lo dispuesto en el Reglamento General de Protecci\u00f3n de Datos (EU) 2016\/679 y la Ley Org\u00e1nica 3\/2018, de 5 de diciembre, de Protecci\u00f3n de Datos Personales y Garant\u00eda de los derechos digitales (en adelante \u201cLOPDGDD\u201d), y Ley 34\/2002 de 11 de julio, de Servicios de la Sociedad de la Informaci\u00f3n y de Comercio Electr\u00f3nico, y restante normativa de aplicaci\u00f3n, le informamos que el Responsable de los datos personales tratados en el Sitio Web <strong>www.fiftyone.es <\/strong>es:&nbsp;<\/p>\n\n\n\n<p>Raz\u00f3n social:<strong> FIFTYONE SERVICIOS LING\u00dcISTICOS, S.L.<\/strong> (En adelante La Empresa),<\/p>\n\n\n\n<p>Direcci\u00f3n: <strong>Calle Antonio Buero Vallejo 7 Mairena del Alcor (Sevilla), 41510<\/strong><\/p>\n\n\n\n<p>N.I.F:<strong> B09682915<\/strong><\/p>\n\n\n\n<p>Tel\u00e9fono: +34 <strong>600732349 Adri\u00e1n vico<\/strong><\/p>\n\n\n\n<p>Correo electr\u00f3nico: <strong>info@fiftyone.es<\/strong><\/p>\n\n\n\n<p>En la Empresa nos comprometemos a conservar la informaci\u00f3n que nos facilite en la m\u00e1s estricta confidencialidad evitando accesos no autorizados, manipulaci\u00f3n de informaci\u00f3n, la p\u00e9rdida, destrucci\u00f3n o robo de informaci\u00f3n. Para ello, aplicaremos las medidas de seguridad que establece la normativa de aplicaci\u00f3n y todas aquellas que nuestros recursos y la tecnolog\u00eda moderna nos permita. Tenga en cuenta que, en muchos casos, resulta indispensable que facilite la informaci\u00f3n que le solicitamos para poder disfrutar de los beneficios de nuestra web.<\/p>\n\n\n\n<ol class=\"wp-block-list\" start=\"2\"><li><strong>Objeto<\/strong><\/li><\/ol>\n\n\n\n<p>La presente Pol\u00edtica de Privacidad tiene por objeto informarle acerca de c\u00f3mo tratamos sus Datos Personales. Si Usted no est\u00e1 de acuerdo con los t\u00e9rminos contenidos en esta Pol\u00edtica y no acepta los mismos en su proceso de registro, no podr\u00e1 seguir adelante con el uso y acceso a la web. Si tiene alguna consulta respecto al contenido puede contactarnos en el correo electr\u00f3nico indicado en el encabezamiento.<\/p>\n\n\n\n<ol class=\"wp-block-list\" start=\"3\"><li><strong>\u00c1mbito de aplicaci\u00f3n<\/strong><\/li><\/ol>\n\n\n\n<p>La presente Pol\u00edtica aplica a todos los Usuarios que utilicen los servicios de nuestra p\u00e1gina web, con independencia del lugar y el momento en el que operen.&nbsp;<\/p>\n\n\n\n<ol class=\"wp-block-list\" start=\"4\"><li><strong>Datos que solicitamos a nuestros Usuarios<\/strong><\/li><\/ol>\n\n\n\n<p>En el sitio web podr\u00edamos solicitarle informaci\u00f3n b\u00e1sica o datos identificativos a trav\u00e9s de nuestro formulario de contacto, como puede ser su nombre completo, direcci\u00f3n, tel\u00e9fono, dejando un espacio para que nos remita su consulta, solicitud queja o sugerencia con texto libre. Podremos, adem\u00e1s, tratar datos obtenidos a trav\u00e9s de las <em>cookies<\/em>, lo que podr\u00e1 consultar con m\u00e1s detalle en nuestra Pol\u00edtica de Cookies.<\/p>\n\n\n\n<ol class=\"wp-block-list\" start=\"5\"><li><strong>Finalidad y Legitimaci\u00f3n del tratamiento<\/strong><\/li><\/ol>\n\n\n\n<p>A continuaci\u00f3n, se describen las finalidades para las cuales le solicitamos o recabamos autom\u00e1ticamente la informaci\u00f3n, en atenci\u00f3n a los diferentes canales a trav\u00e9s de los cuales los usuarios han facilitado sus datos de car\u00e1cter personal, as\u00ed como la legitimaci\u00f3n para cada uno de los tratamientos necesarios para cumplir dichas finalidades:<\/p>\n\n\n\n<ol class=\"wp-block-list\"><li>Gestionar adecuadamente la p\u00e1gina web y velar por la seguridad de nuestros usuarios.<\/li><\/ol>\n\n\n\n<ul class=\"wp-block-list\"><li>Legitimado por el inter\u00e9s leg\u00edtimo del responsable en ofrecer un servicio seguro a los usuarios.&nbsp;<\/li><\/ul>\n\n\n\n<ol class=\"wp-block-list\" start=\"2\"><li>Facilitar la navegaci\u00f3n y orientarla a sus preferencias, en base a la pol\u00edtica de cookies.<\/li><\/ol>\n\n\n\n<ul class=\"wp-block-list\"><li>Legitimado por su consentimiento al aceptar expresamente el uso de cookies.<\/li><\/ul>\n\n\n\n<ol class=\"wp-block-list\" start=\"3\"><li>Comprobar en determinados casos la veracidad de sus informaciones.&nbsp;<\/li><\/ol>\n\n\n\n<ul class=\"wp-block-list\"><li>Legitimado por el inter\u00e9s leg\u00edtimo del responsable en ofrecer un servicio seguro a los usuarios.<\/li><\/ul>\n\n\n\n<ol class=\"wp-block-list\" start=\"4\"><li>Contestar a sus consultas, solicitudes o peticiones realizadas a trav\u00e9s del formulario habilitado al efecto, y gestionar el servicio solicitado atendiendo su petici\u00f3n.<\/li><\/ol>\n\n\n\n<ul class=\"wp-block-list\"><li>Legitimado por su consentimiento expreso.<\/li><\/ul>\n\n\n\n<ol class=\"wp-block-list\" start=\"5\"><li>La recepci\u00f3n, en su caso, de curr\u00edculum vitae por parte de demandantes de empleo interesados a trav\u00e9s de los canales habilitados.&nbsp;<\/li><\/ol>\n\n\n\n<ul class=\"wp-block-list\"><li>Legitimado por su consentimiento expreso.<\/li><\/ul>\n\n\n\n<ol class=\"wp-block-list\" start=\"6\"><li>Realizar acciones de marketing, enviarle mensajes promocionales, en funci\u00f3n de sus preferencias de comunicaci\u00f3n, avisarle sobre eventos, ofertas y actividades que le puedan interesar.&nbsp;<\/li><\/ol>\n\n\n\n<ul class=\"wp-block-list\"><li>Legitimado por su consentimiento expreso.<\/li><\/ul>\n\n\n\n<ol class=\"wp-block-list\" start=\"6\"><li><strong>Conservaci\u00f3n de los Datos<\/strong><\/li><\/ol>\n\n\n\n<p>Los datos personales se conservar\u00e1n durante el periodo de tiempo necesario para cumplir con las finalidades para las cuales se recabaron, y, en todo caso, durante los plazos legalmente establecidos.<\/p>\n\n\n\n<ol class=\"wp-block-list\" start=\"7\"><li><strong>Comunicaci\u00f3n de Datos<\/strong><\/li><\/ol>\n\n\n\n<p>No se ceder\u00e1n datos de car\u00e1cter personal a terceros, salvo obligaci\u00f3n legal. Tampoco se realizan transferencias internacionales de datos a terceros pa\u00edses.<\/p>\n\n\n\n<p><strong>8. Derechos de los Usuarios<\/strong><\/p>\n\n\n\n<p>La LOPDGDD y el RGPD recogen una serie de derechos en favor de las personas cuyos datos personales son tratados. Todos los derechos mencionados a continuaci\u00f3n, podr\u00e1 ejercitarlos remitiendo su solicitud por correo electr\u00f3nico seg\u00fan se indica en el apartado 1, acompa\u00f1ando copia de su documento de identidad. El plazo m\u00e1ximo para resolver es el de un mes a contar desde la recepci\u00f3n de su solicitud. Tenga en cuenta que podr\u00edamos solicitarle informaci\u00f3n adicional para comprobar su identidad antes de proceder con su solicitud.<\/p>\n\n\n\n<ol class=\"wp-block-list\"><li><strong>Derecho de acceso:<\/strong><\/li><\/ol>\n\n\n\n<p>El derecho de acceso permite al Usuario conocer y obtener gratuitamente informaci\u00f3n sobre sus datos de car\u00e1cter personal sometidos a tratamiento. Podr\u00e1 solicitarnos que le indiquemos la informaci\u00f3n que conservamos sobre Usted.<\/p>\n\n\n\n<ol class=\"wp-block-list\" start=\"2\"><li><strong>Derecho de rectificaci\u00f3n:<\/strong><\/li><\/ol>\n\n\n\n<p>Este derecho se caracteriza porque permite corregir errores, modificar los datos que resulten ser inexactos o incompletos y garantizar la certeza de la informaci\u00f3n objeto de tratamiento. Usted deber\u00e1 informarnos sobre cualquier cambio en sus datos y ser\u00e1 responsable de actualizar su informaci\u00f3n.&nbsp;<\/p>\n\n\n\n<ol class=\"wp-block-list\" start=\"3\"><li><strong>Derecho de supresi\u00f3n:<\/strong><\/li><\/ol>\n\n\n\n<p>El derecho de supresi\u00f3n permite que se supriman los datos que resulten ser inadecuados o excesivos sin perjuicio del deber de bloqueo, recogido en la LOPDGDD.<\/p>\n\n\n\n<ol class=\"wp-block-list\" start=\"4\"><li><strong>Derecho de oposici\u00f3n:<\/strong><\/li><\/ol>\n\n\n\n<p>El derecho de oposici\u00f3n es el derecho del Usuario a que no se lleve a cabo el tratamiento de sus datos de car\u00e1cter personal o se cese en el mismo para determinadas finalidades. Podr\u00e1 oponerse al tratamiento de sus datos indicando las finalidades concretas objeto de oposici\u00f3n.<\/p>\n\n\n\n<ol class=\"wp-block-list\" start=\"5\"><li><strong>Derecho de Portabilidad:<\/strong><\/li><\/ol>\n\n\n\n<p>El derecho a la portabilidad le permitir\u00e1 solicitarnos una copia en un formato estructurado, de uso com\u00fan y lectura mec\u00e1nica de sus datos personales.<\/p>\n\n\n\n<ol class=\"wp-block-list\" start=\"6\"><li><strong>Derecho de Limitaci\u00f3n del Tratamiento:<\/strong><\/li><\/ol>\n\n\n\n<p>Al ejercitar este derecho, sus datos solo podr\u00e1n ser tratados, con excepci\u00f3n de su conservaci\u00f3n, para la formulaci\u00f3n, el ejercicio o la defensa de reclamaciones.<\/p>\n\n\n\n<ol class=\"wp-block-list\" start=\"7\"><li><strong>Derecho a presentar una reclamaci\u00f3n ante la autoridad de control:<\/strong><\/li><\/ol>\n\n\n\n<p>Podr\u00e1 presentar una reclamaci\u00f3n ante la Agencia Espa\u00f1ola de Protecci\u00f3n de Datos (<a href=\"http:\/\/www.aepd.es\/\">www.aepd.es<\/a>) cuando considere que no se ha atendido convenientemente el ejercicio de sus derechos.<\/p>\n\n\n\n<p>Del mismo modo tendr\u00e1 derecho a no ser objeto de decisiones basadas \u00fanicamente en el tratamiento automatizado de sus datos, incluida la elaboraci\u00f3n de perfiles, que produzca efectos jur\u00eddicos en \u00e9l o le afecte significativamente de modo similar. El Usuario tendr\u00e1 derecho a revocar su consentimiento en cualquier momento.<\/p>\n\n\n\n<p>Asimismo, podr\u00e1 darse de baja en cualquier momento respecto a env\u00edos publicitarios.<\/p>\n\n\n\n<ol class=\"wp-block-list\" start=\"9\"><li><strong>Medidas de seguridad<\/strong><\/li><\/ol>\n\n\n\n<p>En el tratamiento de su informaci\u00f3n personal aplicamos medidas de seguridad adecuadas seg\u00fan el tipo de datos y los avances de la t\u00e9cnica, nuestros medios f\u00edsicos y legales. Nuestro objetivo es evitar el acceso de terceros no autorizados, el robo, la p\u00e9rdida o divulgaci\u00f3n de su informaci\u00f3n. Sin embargo, Internet no es un entorno totalmente seguro, por lo que aunque apliquemos todas las medidas de seguridad posibles, el riesgo de incidencia respecto a la informaci\u00f3n nunca desaparecer\u00e1 totalmente, por este motivo le pedimos que si detecta alguna incidencia o tiene indicios de que su informaci\u00f3n puede estar en riesgo, p\u00f3ngase en contacto con nosotros para que podamos investigar el hecho y ofrecerle soluciones.<\/p>\n\n\n\n<ol class=\"wp-block-list\" start=\"10\"><li><strong>Modificaciones en la Pol\u00edtica de Privacidad<\/strong><\/li><\/ol>\n\n\n\n<p>La Empresa podr\u00eda en el futuro modificar la presente Pol\u00edtica de Privacidad. En caso de modificaci\u00f3n, adem\u00e1s de publicarse la versi\u00f3n actualizada, le informaremos sobre dicha modificaci\u00f3n con una ventana en la web. Usted deber\u00e1 leer estas modificaciones antes de continuar usando la web.<\/p>\n\n\n\n<ol class=\"wp-block-list\" start=\"11\"><li><strong>Ley aplicable y jurisdicci\u00f3n<\/strong><\/li><\/ol>\n\n\n\n<p>La presente Pol\u00edtica, as\u00ed como el uso del Sitio Web, se regir\u00e1n por la legislaci\u00f3n espa\u00f1ola. Cualquier controversia ser\u00e1 resuelta ante los juzgados correspondientes al domicilio del Responsable.<\/p>\n\n\n\n<p>En el supuesto de que cualquier estipulaci\u00f3n resultara inexigible o nula en virtud de la legislaci\u00f3n aplicable o como consecuencia de una resoluci\u00f3n judicial o administrativa, dicha inexigibilidad o nulidad no har\u00e1 que la presente Pol\u00edtica resulte inexigibles o nulas en su conjunto. En dichos casos, La Empresa<strong>, <\/strong>proceder\u00e1 a la modificaci\u00f3n o sustituci\u00f3n de dicha estipulaci\u00f3n por otra que sea v\u00e1lida y exigible y que, en la medida de lo posible, consiga el objetivo y pretensi\u00f3n reflejados en la estipulaci\u00f3n original.<\/p>\n\n\n\n\n\n<p><\/p>","protected":false},"excerpt":{"rendered":"<p>Datos del Responsable En cumplimiento de lo dispuesto en el Reglamento General de Protecci\u00f3n de Datos (EU) 2016\/679 y la Ley Org\u00e1nica 3\/2018, de 5 de diciembre, de Protecci\u00f3n de Datos Personales y Garant\u00eda de los derechos digitales (en adelante \u201cLOPDGDD\u201d), y Ley 34\/2002 de 11 de julio, de Servicios de la Sociedad de la [&#8230;]<\/p>\n<p><a class=\"btn btn-secondary understrap-read-more-link\" href=\"https:\/\/fiftyone.es\/en\/politica-de-privacidad\/\">Read More&#8230;<span class=\"screen-reader-text\"> from Pol\u00edtica de privacidad<\/span><\/a><\/p>","protected":false},"author":1,"featured_media":0,"parent":0,"menu_order":0,"comment_status":"closed","ping_status":"open","template":"","meta":{"inline_featured_image":false,"footnotes":""},"class_list":["post-3","page","type-page","status-publish","hentry"],"acf":[],"yoast_head":"<!-- This site is optimized with the Yoast SEO plugin v27.6 - https:\/\/yoast.com\/product\/yoast-seo-wordpress\/ -->\n<title>Pol\u00edtica de privacidad - Fiftyone<\/title>\n<meta name=\"description\" content=\"Datos del Responsable En cumplimiento de lo dispuesto en el Reglamento General de Protecci\u00f3n de Datos (EU) 2016\/679 y la Ley Org\u00e1nica 3\/2018, de 5 de\" \/>\n<meta name=\"robots\" content=\"index, follow, max-snippet:-1, max-image-preview:large, max-video-preview:-1\" \/>\n<link rel=\"canonical\" href=\"https:\/\/fiftyone.es\/en\/politica-de-privacidad\/\" \/>\n<meta property=\"og:locale\" content=\"en_GB\" \/>\n<meta property=\"og:type\" content=\"article\" \/>\n<meta property=\"og:title\" content=\"Pol\u00edtica de privacidad - Fiftyone\" \/>\n<meta property=\"og:description\" content=\"Datos del Responsable En cumplimiento de lo dispuesto en el Reglamento General de Protecci\u00f3n de Datos (EU) 2016\/679 y la Ley Org\u00e1nica 3\/2018, de 5 de\" \/>\n<meta property=\"og:url\" content=\"https:\/\/fiftyone.es\/en\/politica-de-privacidad\/\" \/>\n<meta property=\"og:site_name\" content=\"Fiftyone\" \/>\n<meta property=\"article:modified_time\" content=\"2022-04-07T00:54:05+00:00\" \/>\n<meta name=\"twitter:card\" content=\"summary_large_image\" \/>\n<meta name=\"twitter:label1\" content=\"Estimated reading time\" \/>\n\t<meta name=\"twitter:data1\" content=\"7 minutes\" \/>\n<script type=\"application\/ld+json\" class=\"yoast-schema-graph\">{\"@context\":\"https:\\\/\\\/schema.org\",\"@graph\":[{\"@type\":\"WebPage\",\"@id\":\"https:\\\/\\\/fiftyone.es\\\/politica-de-privacidad\\\/\",\"url\":\"https:\\\/\\\/fiftyone.es\\\/politica-de-privacidad\\\/\",\"name\":\"Pol\u00edtica de privacidad - Fiftyone\",\"isPartOf\":{\"@id\":\"https:\\\/\\\/fiftyone.es\\\/#website\"},\"datePublished\":\"2022-03-01T23:43:50+00:00\",\"dateModified\":\"2022-04-07T00:54:05+00:00\",\"description\":\"Datos del Responsable En cumplimiento de lo dispuesto en el Reglamento General de Protecci\u00f3n de Datos (EU) 2016\\\/679 y la Ley Org\u00e1nica 3\\\/2018, de 5 de\",\"breadcrumb\":{\"@id\":\"https:\\\/\\\/fiftyone.es\\\/politica-de-privacidad\\\/#breadcrumb\"},\"inLanguage\":\"en-GB\",\"potentialAction\":[{\"@type\":\"ReadAction\",\"target\":[\"https:\\\/\\\/fiftyone.es\\\/politica-de-privacidad\\\/\"]}]},{\"@type\":\"BreadcrumbList\",\"@id\":\"https:\\\/\\\/fiftyone.es\\\/politica-de-privacidad\\\/#breadcrumb\",\"itemListElement\":[{\"@type\":\"ListItem\",\"position\":1,\"name\":\"Portada\",\"item\":\"https:\\\/\\\/fiftyone.es\\\/\"},{\"@type\":\"ListItem\",\"position\":2,\"name\":\"Pol\u00edtica de privacidad\"}]},{\"@type\":\"WebSite\",\"@id\":\"https:\\\/\\\/fiftyone.es\\\/#website\",\"url\":\"https:\\\/\\\/fiftyone.es\\\/\",\"name\":\"Fiftyone\",\"description\":\"Servicios de formaci\u00f3n de idiomas\",\"publisher\":{\"@id\":\"https:\\\/\\\/fiftyone.es\\\/#organization\"},\"potentialAction\":[{\"@type\":\"SearchAction\",\"target\":{\"@type\":\"EntryPoint\",\"urlTemplate\":\"https:\\\/\\\/fiftyone.es\\\/?s={search_term_string}\"},\"query-input\":{\"@type\":\"PropertyValueSpecification\",\"valueRequired\":true,\"valueName\":\"search_term_string\"}}],\"inLanguage\":\"en-GB\"},{\"@type\":\"Organization\",\"@id\":\"https:\\\/\\\/fiftyone.es\\\/#organization\",\"name\":\"Fiftyone\",\"url\":\"https:\\\/\\\/fiftyone.es\\\/\",\"logo\":{\"@type\":\"ImageObject\",\"inLanguage\":\"en-GB\",\"@id\":\"https:\\\/\\\/fiftyone.es\\\/#\\\/schema\\\/logo\\\/image\\\/\",\"url\":\"https:\\\/\\\/fiftyone.es\\\/wp-content\\\/uploads\\\/2022\\\/03\\\/favicon2.svg\",\"contentUrl\":\"https:\\\/\\\/fiftyone.es\\\/wp-content\\\/uploads\\\/2022\\\/03\\\/favicon2.svg\",\"width\":\"1024\",\"height\":\"1024\",\"caption\":\"Fiftyone\"},\"image\":{\"@id\":\"https:\\\/\\\/fiftyone.es\\\/#\\\/schema\\\/logo\\\/image\\\/\"},\"sameAs\":[\"https:\\\/\\\/instagram.com\\\/fiftyone.sl?igshid=OGQ5ZDc2ODk2ZA==\"]}]}<\/script>\n<!-- \/ Yoast SEO plugin. -->","yoast_head_json":{"title":"Pol\u00edtica de privacidad - Fiftyone","description":"Datos del Responsable En cumplimiento de lo dispuesto en el Reglamento General de Protecci\u00f3n de Datos (EU) 2016\/679 y la Ley Org\u00e1nica 3\/2018, de 5 de","robots":{"index":"index","follow":"follow","max-snippet":"max-snippet:-1","max-image-preview":"max-image-preview:large","max-video-preview":"max-video-preview:-1"},"canonical":"https:\/\/fiftyone.es\/en\/politica-de-privacidad\/","og_locale":"en_GB","og_type":"article","og_title":"Pol\u00edtica de privacidad - Fiftyone","og_description":"Datos del Responsable En cumplimiento de lo dispuesto en el Reglamento General de Protecci\u00f3n de Datos (EU) 2016\/679 y la Ley Org\u00e1nica 3\/2018, de 5 de","og_url":"https:\/\/fiftyone.es\/en\/politica-de-privacidad\/","og_site_name":"Fiftyone","article_modified_time":"2022-04-07T00:54:05+00:00","twitter_card":"summary_large_image","twitter_misc":{"Estimated reading time":"7 minutes"},"schema":{"@context":"https:\/\/schema.org","@graph":[{"@type":"WebPage","@id":"https:\/\/fiftyone.es\/politica-de-privacidad\/","url":"https:\/\/fiftyone.es\/politica-de-privacidad\/","name":"Pol\u00edtica de privacidad - Fiftyone","isPartOf":{"@id":"https:\/\/fiftyone.es\/#website"},"datePublished":"2022-03-01T23:43:50+00:00","dateModified":"2022-04-07T00:54:05+00:00","description":"Datos del Responsable En cumplimiento de lo dispuesto en el Reglamento General de Protecci\u00f3n de Datos (EU) 2016\/679 y la Ley Org\u00e1nica 3\/2018, de 5 de","breadcrumb":{"@id":"https:\/\/fiftyone.es\/politica-de-privacidad\/#breadcrumb"},"inLanguage":"en-GB","potentialAction":[{"@type":"ReadAction","target":["https:\/\/fiftyone.es\/politica-de-privacidad\/"]}]},{"@type":"BreadcrumbList","@id":"https:\/\/fiftyone.es\/politica-de-privacidad\/#breadcrumb","itemListElement":[{"@type":"ListItem","position":1,"name":"Portada","item":"https:\/\/fiftyone.es\/"},{"@type":"ListItem","position":2,"name":"Pol\u00edtica de privacidad"}]},{"@type":"WebSite","@id":"https:\/\/fiftyone.es\/#website","url":"https:\/\/fiftyone.es\/","name":"Fiftyone","description":"Servicios de formaci\u00f3n de idiomas","publisher":{"@id":"https:\/\/fiftyone.es\/#organization"},"potentialAction":[{"@type":"SearchAction","target":{"@type":"EntryPoint","urlTemplate":"https:\/\/fiftyone.es\/?s={search_term_string}"},"query-input":{"@type":"PropertyValueSpecification","valueRequired":true,"valueName":"search_term_string"}}],"inLanguage":"en-GB"},{"@type":"Organization","@id":"https:\/\/fiftyone.es\/#organization","name":"Fiftyone","url":"https:\/\/fiftyone.es\/","logo":{"@type":"ImageObject","inLanguage":"en-GB","@id":"https:\/\/fiftyone.es\/#\/schema\/logo\/image\/","url":"https:\/\/fiftyone.es\/wp-content\/uploads\/2022\/03\/favicon2.svg","contentUrl":"https:\/\/fiftyone.es\/wp-content\/uploads\/2022\/03\/favicon2.svg","width":"1024","height":"1024","caption":"Fiftyone"},"image":{"@id":"https:\/\/fiftyone.es\/#\/schema\/logo\/image\/"},"sameAs":["https:\/\/instagram.com\/fiftyone.sl?igshid=OGQ5ZDc2ODk2ZA=="]}]}},"jetpack_sharing_enabled":true,"_links":{"self":[{"href":"https:\/\/fiftyone.es\/en\/wp-json\/wp\/v2\/pages\/3","targetHints":{"allow":["GET"]}}],"collection":[{"href":"https:\/\/fiftyone.es\/en\/wp-json\/wp\/v2\/pages"}],"about":[{"href":"https:\/\/fiftyone.es\/en\/wp-json\/wp\/v2\/types\/page"}],"author":[{"embeddable":true,"href":"https:\/\/fiftyone.es\/en\/wp-json\/wp\/v2\/users\/1"}],"replies":[{"embeddable":true,"href":"https:\/\/fiftyone.es\/en\/wp-json\/wp\/v2\/comments?post=3"}],"version-history":[{"count":8,"href":"https:\/\/fiftyone.es\/en\/wp-json\/wp\/v2\/pages\/3\/revisions"}],"predecessor-version":[{"id":233,"href":"https:\/\/fiftyone.es\/en\/wp-json\/wp\/v2\/pages\/3\/revisions\/233"}],"wp:attachment":[{"href":"https:\/\/fiftyone.es\/en\/wp-json\/wp\/v2\/media?parent=3"}],"curies":[{"name":"wp","href":"https:\/\/api.w.org\/{rel}","templated":true}]}}