{"id":22,"date":"2022-02-21T20:58:00","date_gmt":"2022-02-21T20:58:00","guid":{"rendered":"http:\/\/localhost\/fiftyone\/?page_id=22"},"modified":"2022-10-21T12:04:43","modified_gmt":"2022-10-21T11:04:43","slug":"contacto","status":"publish","type":"page","link":"https:\/\/fiftyone.es\/en\/contacto\/","title":{"rendered":"Contact"},"content":{"rendered":"<div data-elementor-type=\"wp-page\" data-elementor-id=\"22\" class=\"elementor elementor-22\">\n\t\t\t\t\t\t<section class=\"elementor-section elementor-top-section elementor-element elementor-element-fcdf998 elementor-section-boxed elementor-section-height-default elementor-section-height-default\" data-id=\"fcdf998\" data-element_type=\"section\" data-e-type=\"section\">\n\t\t\t\t\t\t<div class=\"elementor-container elementor-column-gap-default\">\n\t\t\t\t\t<div class=\"elementor-column elementor-col-100 elementor-top-column elementor-element elementor-element-b9d6dfd\" data-id=\"b9d6dfd\" data-element_type=\"column\" data-e-type=\"column\">\n\t\t\t<div class=\"elementor-widget-wrap\">\n\t\t\t\t\t\t\t<\/div>\n\t\t<\/div>\n\t\t\t\t\t<\/div>\n\t\t<\/section>\n\t\t\t\t<section class=\"elementor-section elementor-top-section elementor-element elementor-element-e337902 elementor-section-full_width elementor-section-height-default elementor-section-height-default\" data-id=\"e337902\" data-element_type=\"section\" data-e-type=\"section\">\n\t\t\t\t\t\t<div class=\"elementor-container elementor-column-gap-no\">\n\t\t\t\t\t<div class=\"elementor-column elementor-col-100 elementor-top-column elementor-element elementor-element-586cd42\" data-id=\"586cd42\" data-element_type=\"column\" data-e-type=\"column\">\n\t\t\t<div class=\"elementor-widget-wrap elementor-element-populated\">\n\t\t\t\t\t\t<div class=\"elementor-element elementor-element-fac144e elementor-widget elementor-widget-html\" data-id=\"fac144e\" data-element_type=\"widget\" data-e-type=\"widget\" data-widget_type=\"html.default\">\n\t\t\t\t<div class=\"elementor-widget-container\">\n\t\t\t\t\t<div id=\"contact\">\n    <div class=\"contact-content-1 mt-5\">\n        <h1 class=\"mt-6 my-5\">Si quieres llevar tu proyecto a otro nivel, cu\u00e9ntanoslo.<\/h1>\n        \n<div class=\"wpcf7 no-js\" id=\"wpcf7-f82-o1\" lang=\"es-ES\" dir=\"ltr\" data-wpcf7-id=\"82\">\n<div class=\"screen-reader-response\"><p role=\"status\" aria-live=\"polite\" aria-atomic=\"true\"><\/p> <ul><\/ul><\/div>\n<form action=\"\/en\/wp-json\/wp\/v2\/pages\/22#wpcf7-f82-o1\" method=\"post\" class=\"wpcf7-form init\" aria-label=\"Formulario de contacto\" novalidate=\"novalidate\" data-status=\"init\" data-trp-original-action=\"\/en\/wp-json\/wp\/v2\/pages\/22#wpcf7-f82-o1\">\n<fieldset class=\"hidden-fields-container\"><input type=\"hidden\" name=\"_wpcf7\" value=\"82\" \/><input type=\"hidden\" name=\"_wpcf7_version\" value=\"6.1.5\" \/><input type=\"hidden\" name=\"_wpcf7_locale\" value=\"es_ES\" \/><input type=\"hidden\" name=\"_wpcf7_unit_tag\" value=\"wpcf7-f82-o1\" \/><input type=\"hidden\" name=\"_wpcf7_container_post\" value=\"0\" \/><input type=\"hidden\" name=\"_wpcf7_posted_data_hash\" value=\"\" \/>\n<\/fieldset>\n<p><span class=\"wpcf7-form-control-wrap\" data-name=\"your-name\"><input size=\"40\" maxlength=\"400\" class=\"wpcf7-form-control wpcf7-text wpcf7-validates-as-required\" aria-required=\"true\" aria-invalid=\"false\" placeholder=\"Name\" value=\"\" type=\"text\" name=\"your-name\" \/><\/span>\n<\/p>\n<p><span class=\"wpcf7-form-control-wrap\" data-name=\"your-surname\"><input size=\"40\" maxlength=\"400\" class=\"wpcf7-form-control wpcf7-text wpcf7-validates-as-required\" aria-required=\"true\" aria-invalid=\"false\" placeholder=\"Surname\" value=\"\" type=\"text\" name=\"your-surname\" \/><\/span>\n<\/p>\n<p><span class=\"wpcf7-form-control-wrap\" data-name=\"your-email\"><input size=\"40\" maxlength=\"400\" class=\"wpcf7-form-control wpcf7-email wpcf7-validates-as-required wpcf7-text wpcf7-validates-as-email\" aria-required=\"true\" aria-invalid=\"false\" placeholder=\"E-mail\" value=\"\" type=\"email\" name=\"your-email\" \/><\/span>\n<\/p>\n<p><span class=\"wpcf7-form-control-wrap\" data-name=\"your-subject\"><input size=\"40\" maxlength=\"400\" class=\"wpcf7-form-control wpcf7-text wpcf7-validates-as-required\" aria-required=\"true\" aria-invalid=\"false\" placeholder=\"What service are you interested in?\" value=\"\" type=\"text\" name=\"your-subject\" \/><\/span>\n<\/p>\n<p><span class=\"wpcf7-form-control-wrap\" data-name=\"your-message\"><textarea cols=\"40\" rows=\"10\" maxlength=\"2000\" class=\"wpcf7-form-control wpcf7-textarea wpcf7-validates-as-required\" aria-required=\"true\" aria-invalid=\"false\" placeholder=\"Tell us about your project\" name=\"your-message\"><\/textarea><\/span>\n<\/p>\n<div class=\"d-inline-flex align-center\">\n\t<p><span class=\"wpcf7-form-control-wrap\" data-name=\"acceptance\"><span class=\"wpcf7-form-control wpcf7-acceptance\"><span class=\"wpcf7-list-item\"><input type=\"checkbox\" name=\"acceptance\" value=\"1\" aria-invalid=\"false\" \/><\/span><\/span><\/span>\n\t<\/p>\n\t<p>Acepto las condiciones generales y la <a href=\"https:\/\/fiftyone.es\/en\/politica-de-privacidad\/\">pol\u00edtica de privacidad<\/a>\n\t<\/p>\n<\/div>\n<p><input class=\"wpcf7-form-control wpcf7-submit has-spinner mt-3\" type=\"submit\" value=\"Send\" \/>\n<\/p><div class=\"wpcf7-response-output\" aria-hidden=\"true\"><\/div>\n<input type=\"hidden\" name=\"trp-form-language\" value=\"en\"\/><\/form>\n<\/div>\n\n\t\t<div class=\"policy-text\">\n\t\t\t<h2>SOBRE LOS FORMULARIOS DE LA WEB<\/h2>\n\t\t\t<p>Responsable del Tratamiento: <strong>FIFTYONE SERVICIOS LING\u00dcISTICOS, S.L.<\/strong><\/p>\n\t\t\t<p>Finalidad: Gesti\u00f3n y resoluci\u00f3n de su consulta, contactarle para informaci\u00f3n sobre nuestros servicios y si acepta, realizar acciones de marketing, \n\t\t\t\t\t\t\t\tenviarle comunicaciones comerciales, avisarle sobre eventos, promociones, ofertas y actividades relacionadas con nuestro sector de actividad. \n\t\t\t\t\t\t\t\tRecepci\u00f3n de curr\u00edculum vitae a trav\u00e9s de los canales habilitados.<\/p>\n\t\t\t<p>Legitimaci\u00f3n: Su propio consentimiento.<\/p>\n\t\t\t<p>Conservaci\u00f3n: Sus datos personales se conservar\u00e1n durante el tiempo necesario para cumplir con las finalidades para \n\t\t\t\t\t\t\t\tlas que fueron recabados y mientras no solicite el derecho de supresi\u00f3n.<\/p>\n\t\t\t<p>Destinatarios: No tenemos previsto ceder sus datos a terceros, salvo por obligaci\u00f3n legal.<\/p>\n\t\t\t<p>Derechos: Puede ejercer sus derechos de acceso, rectificaci\u00f3n, supresi\u00f3n, portabilidad y oposici\u00f3n o revocaci\u00f3n del consentimiento otorgado remitiendo su \n\t\t\t\t\t\t\t\tsolicitud al email: <strong><a href=\"mailto:info@fiftyone.es\">info@fiftyone.es<\/a><\/strong><\/p>\n\t\t\t<p>Puede consultar la informaci\u00f3n adicional y detallada sobre Protecci\u00f3n de Datos en el texto que sigue a continuaci\u00f3n.<\/p>\n\t\t\t<p>Acepto la pol\u00edtica de privacidad <input type=\"checkbox\" disabled><\/p>\n\t\t\t<p>Acepto recibir informaci\u00f3n comercial <input type=\"checkbox\" disabled><\/p>\n\t\t<\/div>\n    <\/div>\n<\/div>\t\t\t\t<\/div>\n\t\t\t\t<\/div>\n\t\t\t\t\t<\/div>\n\t\t<\/div>\n\t\t\t\t\t<\/div>\n\t\t<\/section>\n\t\t\t\t<\/div>","protected":false},"excerpt":{"rendered":"<p>Si quieres llevar tu proyecto a otro nivel, cu\u00e9ntanoslo. SOBRE LOS FORMULARIOS DE LA WEB Responsable del Tratamiento: FIFTYONE SERVICIOS LING\u00dcISTICOS, S.L. Finalidad: Gesti\u00f3n y resoluci\u00f3n de su consulta, contactarle para informaci\u00f3n sobre nuestros servicios y si acepta, realizar acciones de marketing, enviarle comunicaciones comerciales, avisarle sobre eventos, promociones, ofertas y actividades relacionadas con nuestro [&#8230;]<\/p>\n<p><a class=\"btn btn-secondary understrap-read-more-link\" href=\"https:\/\/fiftyone.es\/en\/contacto\/\">Read More&#8230;<span class=\"screen-reader-text\"> from Contacto<\/span><\/a><\/p>","protected":false},"author":1,"featured_media":0,"parent":0,"menu_order":0,"comment_status":"closed","ping_status":"closed","template":"","meta":{"inline_featured_image":false,"footnotes":""},"class_list":["post-22","page","type-page","status-publish","hentry"],"acf":[],"yoast_head":"<!-- This site is optimized with the Yoast SEO plugin v27.4 - https:\/\/yoast.com\/product\/yoast-seo-wordpress\/ -->\n<title>Contacto - Fiftyone<\/title>\n<meta name=\"description\" content=\"Si quieres llevar tu proyecto a otro nivel, cu\u00e9ntanoslo. SOBRE LOS FORMULARIOS DE LA WEB Responsable del Tratamiento: FIFTYONE SERVICIOS LING\u00dcISTICOS,\" \/>\n<meta name=\"robots\" content=\"index, follow, max-snippet:-1, max-image-preview:large, max-video-preview:-1\" \/>\n<link rel=\"canonical\" href=\"https:\/\/fiftyone.es\/en\/contacto\/\" \/>\n<meta property=\"og:locale\" content=\"en_GB\" \/>\n<meta property=\"og:type\" content=\"article\" \/>\n<meta property=\"og:title\" content=\"Contacto - Fiftyone\" \/>\n<meta property=\"og:description\" content=\"Si quieres llevar tu proyecto a otro nivel, cu\u00e9ntanoslo. SOBRE LOS FORMULARIOS DE LA WEB Responsable del Tratamiento: FIFTYONE SERVICIOS LING\u00dcISTICOS,\" \/>\n<meta property=\"og:url\" content=\"https:\/\/fiftyone.es\/en\/contacto\/\" \/>\n<meta property=\"og:site_name\" content=\"Fiftyone\" \/>\n<meta property=\"article:modified_time\" content=\"2022-10-21T11:04:43+00:00\" \/>\n<meta name=\"twitter:card\" content=\"summary_large_image\" \/>\n<meta name=\"twitter:label1\" content=\"Estimated reading time\" \/>\n\t<meta name=\"twitter:data1\" content=\"1 minute\" \/>\n<script type=\"application\/ld+json\" class=\"yoast-schema-graph\">{\"@context\":\"https:\\\/\\\/schema.org\",\"@graph\":[{\"@type\":\"WebPage\",\"@id\":\"https:\\\/\\\/fiftyone.es\\\/contacto\\\/\",\"url\":\"https:\\\/\\\/fiftyone.es\\\/contacto\\\/\",\"name\":\"Contacto - Fiftyone\",\"isPartOf\":{\"@id\":\"https:\\\/\\\/fiftyone.es\\\/#website\"},\"datePublished\":\"2022-02-21T20:58:00+00:00\",\"dateModified\":\"2022-10-21T11:04:43+00:00\",\"description\":\"Si quieres llevar tu proyecto a otro nivel, cu\u00e9ntanoslo. SOBRE LOS FORMULARIOS DE LA WEB Responsable del Tratamiento: FIFTYONE SERVICIOS LING\u00dcISTICOS,\",\"breadcrumb\":{\"@id\":\"https:\\\/\\\/fiftyone.es\\\/contacto\\\/#breadcrumb\"},\"inLanguage\":\"en-GB\",\"potentialAction\":[{\"@type\":\"ReadAction\",\"target\":[\"https:\\\/\\\/fiftyone.es\\\/contacto\\\/\"]}]},{\"@type\":\"BreadcrumbList\",\"@id\":\"https:\\\/\\\/fiftyone.es\\\/contacto\\\/#breadcrumb\",\"itemListElement\":[{\"@type\":\"ListItem\",\"position\":1,\"name\":\"Portada\",\"item\":\"https:\\\/\\\/fiftyone.es\\\/\"},{\"@type\":\"ListItem\",\"position\":2,\"name\":\"Contacto\"}]},{\"@type\":\"WebSite\",\"@id\":\"https:\\\/\\\/fiftyone.es\\\/#website\",\"url\":\"https:\\\/\\\/fiftyone.es\\\/\",\"name\":\"Fiftyone\",\"description\":\"Servicios de formaci\u00f3n de idiomas\",\"publisher\":{\"@id\":\"https:\\\/\\\/fiftyone.es\\\/#organization\"},\"potentialAction\":[{\"@type\":\"SearchAction\",\"target\":{\"@type\":\"EntryPoint\",\"urlTemplate\":\"https:\\\/\\\/fiftyone.es\\\/?s={search_term_string}\"},\"query-input\":{\"@type\":\"PropertyValueSpecification\",\"valueRequired\":true,\"valueName\":\"search_term_string\"}}],\"inLanguage\":\"en-GB\"},{\"@type\":\"Organization\",\"@id\":\"https:\\\/\\\/fiftyone.es\\\/#organization\",\"name\":\"Fiftyone\",\"url\":\"https:\\\/\\\/fiftyone.es\\\/\",\"logo\":{\"@type\":\"ImageObject\",\"inLanguage\":\"en-GB\",\"@id\":\"https:\\\/\\\/fiftyone.es\\\/#\\\/schema\\\/logo\\\/image\\\/\",\"url\":\"https:\\\/\\\/fiftyone.es\\\/wp-content\\\/uploads\\\/2022\\\/03\\\/favicon2.svg\",\"contentUrl\":\"https:\\\/\\\/fiftyone.es\\\/wp-content\\\/uploads\\\/2022\\\/03\\\/favicon2.svg\",\"width\":\"1024\",\"height\":\"1024\",\"caption\":\"Fiftyone\"},\"image\":{\"@id\":\"https:\\\/\\\/fiftyone.es\\\/#\\\/schema\\\/logo\\\/image\\\/\"},\"sameAs\":[\"https:\\\/\\\/instagram.com\\\/fiftyone.sl?igshid=OGQ5ZDc2ODk2ZA==\"]}]}<\/script>\n<!-- \/ Yoast SEO plugin. -->","yoast_head_json":{"title":"Contacto - Fiftyone","description":"Si quieres llevar tu proyecto a otro nivel, cu\u00e9ntanoslo. SOBRE LOS FORMULARIOS DE LA WEB Responsable del Tratamiento: FIFTYONE SERVICIOS LING\u00dcISTICOS,","robots":{"index":"index","follow":"follow","max-snippet":"max-snippet:-1","max-image-preview":"max-image-preview:large","max-video-preview":"max-video-preview:-1"},"canonical":"https:\/\/fiftyone.es\/en\/contacto\/","og_locale":"en_GB","og_type":"article","og_title":"Contacto - Fiftyone","og_description":"Si quieres llevar tu proyecto a otro nivel, cu\u00e9ntanoslo. SOBRE LOS FORMULARIOS DE LA WEB Responsable del Tratamiento: FIFTYONE SERVICIOS LING\u00dcISTICOS,","og_url":"https:\/\/fiftyone.es\/en\/contacto\/","og_site_name":"Fiftyone","article_modified_time":"2022-10-21T11:04:43+00:00","twitter_card":"summary_large_image","twitter_misc":{"Estimated reading time":"1 minute"},"schema":{"@context":"https:\/\/schema.org","@graph":[{"@type":"WebPage","@id":"https:\/\/fiftyone.es\/contacto\/","url":"https:\/\/fiftyone.es\/contacto\/","name":"Contacto - Fiftyone","isPartOf":{"@id":"https:\/\/fiftyone.es\/#website"},"datePublished":"2022-02-21T20:58:00+00:00","dateModified":"2022-10-21T11:04:43+00:00","description":"Si quieres llevar tu proyecto a otro nivel, cu\u00e9ntanoslo. SOBRE LOS FORMULARIOS DE LA WEB Responsable del Tratamiento: FIFTYONE SERVICIOS LING\u00dcISTICOS,","breadcrumb":{"@id":"https:\/\/fiftyone.es\/contacto\/#breadcrumb"},"inLanguage":"en-GB","potentialAction":[{"@type":"ReadAction","target":["https:\/\/fiftyone.es\/contacto\/"]}]},{"@type":"BreadcrumbList","@id":"https:\/\/fiftyone.es\/contacto\/#breadcrumb","itemListElement":[{"@type":"ListItem","position":1,"name":"Portada","item":"https:\/\/fiftyone.es\/"},{"@type":"ListItem","position":2,"name":"Contacto"}]},{"@type":"WebSite","@id":"https:\/\/fiftyone.es\/#website","url":"https:\/\/fiftyone.es\/","name":"Fiftyone","description":"Servicios de formaci\u00f3n de idiomas","publisher":{"@id":"https:\/\/fiftyone.es\/#organization"},"potentialAction":[{"@type":"SearchAction","target":{"@type":"EntryPoint","urlTemplate":"https:\/\/fiftyone.es\/?s={search_term_string}"},"query-input":{"@type":"PropertyValueSpecification","valueRequired":true,"valueName":"search_term_string"}}],"inLanguage":"en-GB"},{"@type":"Organization","@id":"https:\/\/fiftyone.es\/#organization","name":"Fiftyone","url":"https:\/\/fiftyone.es\/","logo":{"@type":"ImageObject","inLanguage":"en-GB","@id":"https:\/\/fiftyone.es\/#\/schema\/logo\/image\/","url":"https:\/\/fiftyone.es\/wp-content\/uploads\/2022\/03\/favicon2.svg","contentUrl":"https:\/\/fiftyone.es\/wp-content\/uploads\/2022\/03\/favicon2.svg","width":"1024","height":"1024","caption":"Fiftyone"},"image":{"@id":"https:\/\/fiftyone.es\/#\/schema\/logo\/image\/"},"sameAs":["https:\/\/instagram.com\/fiftyone.sl?igshid=OGQ5ZDc2ODk2ZA=="]}]}},"jetpack_sharing_enabled":true,"_links":{"self":[{"href":"https:\/\/fiftyone.es\/en\/wp-json\/wp\/v2\/pages\/22","targetHints":{"allow":["GET"]}}],"collection":[{"href":"https:\/\/fiftyone.es\/en\/wp-json\/wp\/v2\/pages"}],"about":[{"href":"https:\/\/fiftyone.es\/en\/wp-json\/wp\/v2\/types\/page"}],"author":[{"embeddable":true,"href":"https:\/\/fiftyone.es\/en\/wp-json\/wp\/v2\/users\/1"}],"replies":[{"embeddable":true,"href":"https:\/\/fiftyone.es\/en\/wp-json\/wp\/v2\/comments?post=22"}],"version-history":[{"count":13,"href":"https:\/\/fiftyone.es\/en\/wp-json\/wp\/v2\/pages\/22\/revisions"}],"predecessor-version":[{"id":1363,"href":"https:\/\/fiftyone.es\/en\/wp-json\/wp\/v2\/pages\/22\/revisions\/1363"}],"wp:attachment":[{"href":"https:\/\/fiftyone.es\/en\/wp-json\/wp\/v2\/media?parent=22"}],"curies":[{"name":"wp","href":"https:\/\/api.w.org\/{rel}","templated":true}]}}