{"id":158,"date":"2022-03-03T10:53:25","date_gmt":"2022-03-03T10:53:25","guid":{"rendered":"http:\/\/fiftyone.es\/?page_id=158"},"modified":"2024-02-23T10:22:52","modified_gmt":"2024-02-23T09:22:52","slug":"servicios-de-formacion","status":"publish","type":"page","link":"https:\/\/fiftyone.es\/en\/servicios-de-formacion\/","title":{"rendered":"Servicios de formaci\u00f3n"},"content":{"rendered":"<div data-elementor-type=\"wp-page\" data-elementor-id=\"158\" class=\"elementor elementor-158\">\n\t\t\t\t\t\t<section class=\"elementor-section elementor-top-section elementor-element elementor-element-44f3529f elementor-section-boxed elementor-section-height-default elementor-section-height-default\" data-id=\"44f3529f\" data-element_type=\"section\" data-e-type=\"section\" data-settings=\"{&quot;background_background&quot;:&quot;classic&quot;}\">\n\t\t\t\t\t\t<div class=\"elementor-container elementor-column-gap-default\">\n\t\t\t\t\t<div class=\"elementor-column elementor-col-100 elementor-top-column elementor-element elementor-element-7c537775\" data-id=\"7c537775\" data-element_type=\"column\" data-e-type=\"column\">\n\t\t\t<div class=\"elementor-widget-wrap elementor-element-populated\">\n\t\t\t\t\t\t<div class=\"elementor-element elementor-element-130f5545 elementor-widget elementor-widget-text-editor\" data-id=\"130f5545\" data-element_type=\"widget\" data-e-type=\"widget\" data-widget_type=\"text-editor.default\">\n\t\t\t\t<div class=\"elementor-widget-container\">\n\t\t\t\t\t\t\t\t\t<p>\n\t\t<!-- MasterSlider --><\/p>\n<div id=\"P_MS69e75ab8300c6\" class=\"master-slider-parent page-slider  ms-parent-id-1\" style=\"\" >\n<p>\t\t\t<!-- MasterSlider Main --><\/p>\n<div id=\"MS69e75ab8300c6\" class=\"master-slider ms-skin-default\" >\n<div class=\"ms-overlay-layers\">\n<div  class=\"ms-layer w-100 mt-6 mtxl-8\" style=\"\"      data-ease=\"easeOutQuint\"                data-offset-x=\"0\" data-offset-y=\"0\" data-origin=\"tl\"   >\n<div class=\"container\">\n<div class=\"row p-15 mt-8\">\n<div class=\"col-12 col-lg-5\"><img data-recalc-dims=\"1\" decoding=\"async\" class=\"img-responsive w-100\" src=\"https:\/\/i0.wp.com\/fiftyone.es\/wp-content\/uploads\/2022\/10\/servicios-slider-2.png?w=640&#038;ssl=1\" alt=\"Formaci\u00f3n\" \/><\/div>\n<div class=\"col-12 col-lg-5 offset-lg-1\">\n<h2 class=\"mt-6 mtxs-4 mb-3\">Take a look at everything <span class=\"green-text\">Fiftyone Training<\/span> can do for you and your project.<\/h2>\n<p><a class=\"green-button\" href=\"https:\/\/fiftyone.es\/en\/contacto\/\">Contact us<\/a><\/div>\n<\/div>\n<\/div>\n<\/div>\n<div  class=\"ms-layer siguenos\" style=\"\"      data-ease=\"easeOutQuint\"                data-offset-x=\"1793\" data-offset-y=\"454\" data-origin=\"tl\"   >\n<div class=\"follow-slider\">\n<span>Follow us<\/span><br \/>\n<a href=\"https:\/\/www.instagram.com\/fiftyone.sl\/?hl=es\" target=\"_blank\"><i class=\"fa fa-instagram\" aria-hidden=\"true\"><\/i><\/a><br \/>\n<a href=\"https:\/\/www.linkedin.com\/company\/fiftyone-servicios-ling\u00fc%C3%ADsticos\/about\/\" target=\"_blank\"><i class=\"fa fa-linkedin\" aria-hidden=\"true\"><\/i><\/a>\n<\/div>\n<\/div>\n<div  class=\"ms-layer scroll\" style=\"\"      data-ease=\"easeOutQuint\"                data-offset-x=\"0\" data-offset-y=\"434\" data-origin=\"tl\"   >\n<a id=\"scroll\" href=\"#scroll-to\">Scroll down <br \/><img data-recalc-dims=\"1\" decoding=\"async\" class=\"img-responsive\" src=\"https:\/\/i0.wp.com\/fiftyone.es\/wp-content\/uploads\/2022\/03\/flecha-slider.png?w=640\" alt=\"Scroll-down\" \/><\/a><\/div>\n<\/div>\n<div  class=\"ms-slide w-100 mt-6 mtxl-8\" data-delay=\"3\" data-fill-mode=\"fit\"   ><\/div>\n<\/p><\/div>\n<p>\t\t\t<!-- END MasterSlider Main --><\/p><\/div>\n<p>\t\t<!-- END MasterSlider --><\/p>\n<p>\t\t<script>\n\t\t( window.MSReady = window.MSReady || [] ).push( function( $ ) {<\/p>\n<p>\t\t\t\"use strict\";\n\t\t\tvar masterslider_00c6 = new MasterSlider();<\/p>\n<p>\t\t\t\/\/ slider controls\n\t\t\t\/\/ slider setup\n\t\t\tmasterslider_00c6.setup(\"MS69e75ab8300c6\", {\n\t\t\t\twidth           : 1920,\n\t\t\t\theight          : 500,\n\t\t\t\tminHeight       : 0,\n\t\t\t\tspace           : 0,\n\t\t\t\tstart           : 1,\n\t\t\t\tgrabCursor      : false,\n\t\t\t\tswipe           : false,\n\t\t\t\tmouse           : false,\n\t\t\t\tkeyboard        : false,\n\t\t\t\tlayout          : \"fullscreen\",\n\t\t\t\twheel           : false,\n\t\t\t\tautoplay        : false,\n                instantStartLayers:false,\n\t\t\t\tmobileBGVideo:false,\n\t\t\t\tloop            : false,\n\t\t\t\tshuffle         : false,\n\t\t\t\tpreload         : 0,\n\t\t\t\theightLimit     : true,\n\t\t\t\tautoHeight      : false,\n\t\t\t\tsmoothHeight    : true,\n\t\t\t\tendPause        : false,\n\t\t\t\toverPause       : true,\n\t\t\t\tfillMode        : \"fill\",\n\t\t\t\tcenterControls  : true,\n\t\t\t\tstartOnAppear   : false,\n\t\t\t\tlayersMode      : \"center\",\n\t\t\t\tautofillTarget  : \"\",\n\t\t\t\thideLayers      : false,\n\t\t\t\tfullscreenMargin: 0,\n\t\t\t\tspeed           : 20,\n\t\t\t\tdir             : \"h\",\n\t\t\t\tresponsive      : true,\n\t\t\t\ttabletWidth     : 768,\n\t\t\t\ttabletHeight    : null,\n\t\t\t\tphoneWidth      : 480,\n\t\t\t\tphoneHeight    : null,\n\t\t\t\tsizingReference : window,\n\t\t\t\tparallaxMode    : 'swipe',\n\t\t\t\tview            : \"basic\"\n\t\t\t});<\/p>\n<p>\t\t\t\t\t\tMSScrollParallax.setup( masterslider_00c6, 30, 50, true );\n\t\t\twindow.masterslider_instances = window.masterslider_instances || [];\n\t\t\twindow.masterslider_instances.push( masterslider_00c6 );\n\t\t});\n\t\t<\/script><\/p>\n\n<div id=\"services\" class=\"my-6\">\n<div id=\"scroll-to\" class=\"container service-content-2\">\n<div class=\"row service py-5 mb-0\">\n<div class=\"col-12 col-md-11\">\n<h3>121 Courses<\/h3>\n<div class=\"info hide\">\n<p>Our goal is for you to learn in the areas in which you really need to communicate and for you to do so confidently and competently. Your course adapts to your way of life and preferred learning style with both online or face-to-face options for classes as well as the choice of an online campus to support your learning at the pace you decide.<\/p>\n<p>Distinction comes from not being standard; we teach you how to find your own voice in a new language.<\/p>\n<h4><span style=\"color: #000000;\">Your training plan:<\/span><\/h4>\n<p><strong>Initial consultation <\/strong> \u2013 What is your level and what are your needs?<\/p>\n<p><strong>Course development <\/strong> \u2013 A training plan that meets those needs and is suitable for the level.<\/p>\n<p><strong>Start of training <\/strong> \u2013 With your own personal tutor, trained in our methodology to guarantee that those goals are reached.<\/p>\n<\/div>\n<\/div>\n<div class=\"col-12 col-md-1 p-0 text-center\"><a><i class=\"fa fa-plus\" aria-hidden=\"true\"><\/i><br \/>See more<\/a><\/div>\n<\/div>\n<div class=\"row service py-5 mb-0 no-border-t\">\n<div class=\"col-12 col-md-11\">\n<h3>Services for Companies<\/h3>\n<div class=\"info hide\">\n<h4><span style=\"color: #000000;\">Company Courses:<\/span><\/h4>\n<p>Necesites lo que necesites, nuestros cursos se adaptar\u00e1n a tus objetivos y crear\u00e1n un ambiente en el que tus empleados disfruten, al mismo tiempo que alcanzar\u00e1n metas espec\u00edficas y tangibles determinadas de antemano.<\/p>\n<p>All our courses can be covered with Fundae credits.<\/p>\n<h4><span style=\"color: #000000;\">Your company\u2019s training plan:<\/span><\/h4>\n<p><strong>Initial inquiries <\/strong> \u2013 What are the language needs for your company? Who needs to participate in said training? What are the duties that the team needs to perform in the new language?<\/p>\n<p><strong>Course development <\/strong> \u2013 A training plan that meets those needs and includes the participants who really require the training.<\/p>\n<p><strong>Start of training <\/strong> \u2013 with your own personal tutor, trained in our methodology to guarantee that those goals are reached by you or your team.<\/p>\n<\/div>\n<\/div>\n<div class=\"col-12 col-md-1 p-0 text-center\"><a><i class=\"fa fa-plus\" aria-hidden=\"true\"><\/i><br \/>See more<\/a><\/div>\n<\/div>\n<div class=\"row service py-5 mb-0 no-border-t\">\n<div class=\"col-12 col-md-11\">\n<h3><span style=\"font-size: 45px;\">Types of Courses:<\/span><\/h3>\n<\/div>\n<\/div>\n<div class=\"row service py-5 mb-0 no-border-t\">\n<div class=\"col-12 col-md-10 offset-md-1\">\n<h3>General Language Courses<\/h3>\n<div class=\"info hide\">\n<p>Language courses that cover all the language skills of each level as well as personalised material according to your interests. Levels A1-C2, with or without a support platform, online or in person.<\/p>\n<p>This course adapts to you and your interests, but guarantees you reach your language goals by following our original, tried-and-tested methodology.<\/p>\n<\/div>\n<\/div>\n<div class=\"col-12 col-md-1 p-0 text-center\"><a><i class=\"fa fa-plus\" aria-hidden=\"true\"><\/i><br \/>See more<\/a><\/div>\n<\/div>\n<div class=\"row service py-5 mb-0 no-border-t\">\n<div class=\"col-12 col-md-10 offset-md-1\">\n<h3>Courses for Professionals<\/h3>\n<div class=\"info hide\">\n<p>This is the course that is built with your professional development in mind. With basic, intermediate and advanced levels, the training plans include general professional skills and vocabulary while also being centred around your specific needs so as to create a course that provides the language and skills that you really need in your field.<\/p>\n<p>Before the course begins. You will receive two free consultations with our teaching team for us to learn about you and your job. We will then plan our course with your needs in mind and make sure that it fulfils your expectations.<\/p>\n<\/div>\n<\/div>\n<div class=\"col-12 col-md-1 p-0 text-center\"><a><i class=\"fa fa-plus\" aria-hidden=\"true\"><\/i><br \/>See more<\/a><\/div>\n<\/div>\n<div class=\"row service py-5 mb-0 no-border-t\">\n<div class=\"col-12 col-md-10 offset-md-1\">\n<h3>Exam Preparation Courses:<\/h3>\n<div class=\"info hide\">\n<p>Nuestros cursos de preparaci\u00f3n de ex\u00e1menes se han desarrollado con el objetivo de aprobar ex\u00e1menes oficiales de las principales instituciones examinadoras (Cambridge, Aptis, DELE, DELF y m\u00e1s).<\/p>\n<p>Before starting the course, we will perform a level test to assess your starting point. Once this point has  been determined, you will start your course for the level and from the institution you have chosen.<\/p>\n<\/div>\n<\/div>\n<div class=\"col-12 col-md-1 p-0 text-center\"><a><i class=\"fa fa-plus\" aria-hidden=\"true\"><\/i><br \/>See more<\/a><\/div>\n<\/div>\n<\/div>\n<\/div>\n\t\t\t\t\t\t\t\t<\/div>\n\t\t\t\t<\/div>\n\t\t\t\t\t<\/div>\n\t\t<\/div>\n\t\t\t\t\t<\/div>\n\t\t<\/section>\n\t\t\t\t<\/div>","protected":false},"excerpt":{"rendered":"<p>Cursos individuales Nuestro plan es que aprendas en las \u00e1reas que necesites para comunicarte de forma adecuada y competente y que el curso se adapte a tu estilo de vida o aprendizaje: online o presencial, con o sin plataforma de apoyo y al ritmo que prefieras. La riqueza est\u00e1 en no ser est\u00e1ndar. Te ense\u00f1amos [&#8230;]<\/p>\n<p><a class=\"btn btn-secondary understrap-read-more-link\" href=\"https:\/\/fiftyone.es\/en\/servicios-de-formacion\/\">Read More&#8230;<span class=\"screen-reader-text\"> from Servicios de formaci\u00f3n<\/span><\/a><\/p>","protected":false},"author":1,"featured_media":0,"parent":0,"menu_order":0,"comment_status":"closed","ping_status":"closed","template":"page-templates\/empty.php","meta":{"inline_featured_image":false,"footnotes":""},"class_list":["post-158","page","type-page","status-publish","hentry"],"acf":[],"yoast_head":"<!-- This site is optimized with the Yoast SEO plugin v27.4 - https:\/\/yoast.com\/product\/yoast-seo-wordpress\/ -->\n<title>Servicios de formaci\u00f3n - Fiftyone<\/title>\n<meta name=\"description\" content=\"Cursos individuales Nuestro plan es que aprendas en las \u00e1reas que necesites para comunicarte de forma adecuada y competente y que el curso se adapte a tu\" \/>\n<meta name=\"robots\" content=\"index, follow, max-snippet:-1, max-image-preview:large, max-video-preview:-1\" \/>\n<link rel=\"canonical\" href=\"https:\/\/fiftyone.es\/en\/servicios-de-formacion\/\" \/>\n<meta property=\"og:locale\" content=\"en_GB\" \/>\n<meta property=\"og:type\" content=\"article\" \/>\n<meta property=\"og:title\" content=\"Servicios de formaci\u00f3n - Fiftyone\" \/>\n<meta property=\"og:description\" content=\"Cursos individuales Nuestro plan es que aprendas en las \u00e1reas que necesites para comunicarte de forma adecuada y competente y que el curso se adapte a tu\" \/>\n<meta property=\"og:url\" content=\"https:\/\/fiftyone.es\/en\/servicios-de-formacion\/\" \/>\n<meta property=\"og:site_name\" content=\"Fiftyone\" \/>\n<meta property=\"article:modified_time\" content=\"2024-02-23T09:22:52+00:00\" \/>\n<meta name=\"twitter:card\" content=\"summary_large_image\" \/>\n<meta name=\"twitter:label1\" content=\"Estimated reading time\" \/>\n\t<meta name=\"twitter:data1\" content=\"2 minutes\" \/>\n<script type=\"application\/ld+json\" class=\"yoast-schema-graph\">{\"@context\":\"https:\\\/\\\/schema.org\",\"@graph\":[{\"@type\":\"WebPage\",\"@id\":\"https:\\\/\\\/fiftyone.es\\\/servicios-de-formacion\\\/\",\"url\":\"https:\\\/\\\/fiftyone.es\\\/servicios-de-formacion\\\/\",\"name\":\"Servicios de formaci\u00f3n - Fiftyone\",\"isPartOf\":{\"@id\":\"https:\\\/\\\/fiftyone.es\\\/#website\"},\"datePublished\":\"2022-03-03T10:53:25+00:00\",\"dateModified\":\"2024-02-23T09:22:52+00:00\",\"description\":\"Cursos individuales Nuestro plan es que aprendas en las \u00e1reas que necesites para comunicarte de forma adecuada y competente y que el curso se adapte a tu\",\"breadcrumb\":{\"@id\":\"https:\\\/\\\/fiftyone.es\\\/servicios-de-formacion\\\/#breadcrumb\"},\"inLanguage\":\"en-GB\",\"potentialAction\":[{\"@type\":\"ReadAction\",\"target\":[\"https:\\\/\\\/fiftyone.es\\\/servicios-de-formacion\\\/\"]}]},{\"@type\":\"BreadcrumbList\",\"@id\":\"https:\\\/\\\/fiftyone.es\\\/servicios-de-formacion\\\/#breadcrumb\",\"itemListElement\":[{\"@type\":\"ListItem\",\"position\":1,\"name\":\"Portada\",\"item\":\"https:\\\/\\\/fiftyone.es\\\/\"},{\"@type\":\"ListItem\",\"position\":2,\"name\":\"Servicios de formaci\u00f3n\"}]},{\"@type\":\"WebSite\",\"@id\":\"https:\\\/\\\/fiftyone.es\\\/#website\",\"url\":\"https:\\\/\\\/fiftyone.es\\\/\",\"name\":\"Fiftyone\",\"description\":\"Servicios de formaci\u00f3n de idiomas\",\"publisher\":{\"@id\":\"https:\\\/\\\/fiftyone.es\\\/#organization\"},\"potentialAction\":[{\"@type\":\"SearchAction\",\"target\":{\"@type\":\"EntryPoint\",\"urlTemplate\":\"https:\\\/\\\/fiftyone.es\\\/?s={search_term_string}\"},\"query-input\":{\"@type\":\"PropertyValueSpecification\",\"valueRequired\":true,\"valueName\":\"search_term_string\"}}],\"inLanguage\":\"en-GB\"},{\"@type\":\"Organization\",\"@id\":\"https:\\\/\\\/fiftyone.es\\\/#organization\",\"name\":\"Fiftyone\",\"url\":\"https:\\\/\\\/fiftyone.es\\\/\",\"logo\":{\"@type\":\"ImageObject\",\"inLanguage\":\"en-GB\",\"@id\":\"https:\\\/\\\/fiftyone.es\\\/#\\\/schema\\\/logo\\\/image\\\/\",\"url\":\"https:\\\/\\\/fiftyone.es\\\/wp-content\\\/uploads\\\/2022\\\/03\\\/favicon2.svg\",\"contentUrl\":\"https:\\\/\\\/fiftyone.es\\\/wp-content\\\/uploads\\\/2022\\\/03\\\/favicon2.svg\",\"width\":\"1024\",\"height\":\"1024\",\"caption\":\"Fiftyone\"},\"image\":{\"@id\":\"https:\\\/\\\/fiftyone.es\\\/#\\\/schema\\\/logo\\\/image\\\/\"},\"sameAs\":[\"https:\\\/\\\/instagram.com\\\/fiftyone.sl?igshid=OGQ5ZDc2ODk2ZA==\"]}]}<\/script>\n<!-- \/ Yoast SEO plugin. -->","yoast_head_json":{"title":"Servicios de formaci\u00f3n - Fiftyone","description":"Cursos individuales Nuestro plan es que aprendas en las \u00e1reas que necesites para comunicarte de forma adecuada y competente y que el curso se adapte a tu","robots":{"index":"index","follow":"follow","max-snippet":"max-snippet:-1","max-image-preview":"max-image-preview:large","max-video-preview":"max-video-preview:-1"},"canonical":"https:\/\/fiftyone.es\/en\/servicios-de-formacion\/","og_locale":"en_GB","og_type":"article","og_title":"Servicios de formaci\u00f3n - Fiftyone","og_description":"Cursos individuales Nuestro plan es que aprendas en las \u00e1reas que necesites para comunicarte de forma adecuada y competente y que el curso se adapte a tu","og_url":"https:\/\/fiftyone.es\/en\/servicios-de-formacion\/","og_site_name":"Fiftyone","article_modified_time":"2024-02-23T09:22:52+00:00","twitter_card":"summary_large_image","twitter_misc":{"Estimated reading time":"2 minutes"},"schema":{"@context":"https:\/\/schema.org","@graph":[{"@type":"WebPage","@id":"https:\/\/fiftyone.es\/servicios-de-formacion\/","url":"https:\/\/fiftyone.es\/servicios-de-formacion\/","name":"Servicios de formaci\u00f3n - Fiftyone","isPartOf":{"@id":"https:\/\/fiftyone.es\/#website"},"datePublished":"2022-03-03T10:53:25+00:00","dateModified":"2024-02-23T09:22:52+00:00","description":"Cursos individuales Nuestro plan es que aprendas en las \u00e1reas que necesites para comunicarte de forma adecuada y competente y que el curso se adapte a tu","breadcrumb":{"@id":"https:\/\/fiftyone.es\/servicios-de-formacion\/#breadcrumb"},"inLanguage":"en-GB","potentialAction":[{"@type":"ReadAction","target":["https:\/\/fiftyone.es\/servicios-de-formacion\/"]}]},{"@type":"BreadcrumbList","@id":"https:\/\/fiftyone.es\/servicios-de-formacion\/#breadcrumb","itemListElement":[{"@type":"ListItem","position":1,"name":"Portada","item":"https:\/\/fiftyone.es\/"},{"@type":"ListItem","position":2,"name":"Servicios de formaci\u00f3n"}]},{"@type":"WebSite","@id":"https:\/\/fiftyone.es\/#website","url":"https:\/\/fiftyone.es\/","name":"Fiftyone","description":"Servicios de formaci\u00f3n de idiomas","publisher":{"@id":"https:\/\/fiftyone.es\/#organization"},"potentialAction":[{"@type":"SearchAction","target":{"@type":"EntryPoint","urlTemplate":"https:\/\/fiftyone.es\/?s={search_term_string}"},"query-input":{"@type":"PropertyValueSpecification","valueRequired":true,"valueName":"search_term_string"}}],"inLanguage":"en-GB"},{"@type":"Organization","@id":"https:\/\/fiftyone.es\/#organization","name":"Fiftyone","url":"https:\/\/fiftyone.es\/","logo":{"@type":"ImageObject","inLanguage":"en-GB","@id":"https:\/\/fiftyone.es\/#\/schema\/logo\/image\/","url":"https:\/\/fiftyone.es\/wp-content\/uploads\/2022\/03\/favicon2.svg","contentUrl":"https:\/\/fiftyone.es\/wp-content\/uploads\/2022\/03\/favicon2.svg","width":"1024","height":"1024","caption":"Fiftyone"},"image":{"@id":"https:\/\/fiftyone.es\/#\/schema\/logo\/image\/"},"sameAs":["https:\/\/instagram.com\/fiftyone.sl?igshid=OGQ5ZDc2ODk2ZA=="]}]}},"jetpack_sharing_enabled":true,"_links":{"self":[{"href":"https:\/\/fiftyone.es\/en\/wp-json\/wp\/v2\/pages\/158","targetHints":{"allow":["GET"]}}],"collection":[{"href":"https:\/\/fiftyone.es\/en\/wp-json\/wp\/v2\/pages"}],"about":[{"href":"https:\/\/fiftyone.es\/en\/wp-json\/wp\/v2\/types\/page"}],"author":[{"embeddable":true,"href":"https:\/\/fiftyone.es\/en\/wp-json\/wp\/v2\/users\/1"}],"replies":[{"embeddable":true,"href":"https:\/\/fiftyone.es\/en\/wp-json\/wp\/v2\/comments?post=158"}],"version-history":[{"count":31,"href":"https:\/\/fiftyone.es\/en\/wp-json\/wp\/v2\/pages\/158\/revisions"}],"predecessor-version":[{"id":2369,"href":"https:\/\/fiftyone.es\/en\/wp-json\/wp\/v2\/pages\/158\/revisions\/2369"}],"wp:attachment":[{"href":"https:\/\/fiftyone.es\/en\/wp-json\/wp\/v2\/media?parent=158"}],"curies":[{"name":"wp","href":"https:\/\/api.w.org\/{rel}","templated":true}]}}