{"id":13,"date":"2022-02-21T20:56:25","date_gmt":"2022-02-21T20:56:25","guid":{"rendered":"http:\/\/localhost\/fiftyone\/?page_id=13"},"modified":"2022-10-26T09:02:48","modified_gmt":"2022-10-26T08:02:48","slug":"quienes-somos","status":"publish","type":"page","link":"https:\/\/fiftyone.es\/en\/quienes-somos\/","title":{"rendered":"About us"},"content":{"rendered":"<p>\r\n\t\t<!-- MasterSlider -->\r\n\t\t<div id=\"P_MS69fb40561f584\" class=\"master-slider-parent page-slider  ms-parent-id-5\" style=\"\" >\r\n\r\n\t\t\t\r\n\t\t\t<!-- MasterSlider Main -->\r\n\t\t\t<div id=\"MS69fb40561f584\" class=\"master-slider ms-skin-default\" >\r\n\t\t\t\t \t\t\t\t \n<div class=\"ms-overlay-layers\">\t\t\t\t\t<div  class=\"ms-layer w-100 mt-6 mtxl-8\" style=\"\"      data-ease=\"easeOutQuint\"                data-offset-x=\"0\" data-offset-y=\"0\" data-origin=\"tl\"   >\n<div class=\"container\"><div class=\"row p-15 mt-8\"><div class=\"col-12 col-lg-5\"><img data-recalc-dims=\"1\" decoding=\"async\" class=\"img-responsive w-100\" src=\"https:\/\/i0.wp.com\/fiftyone.es\/wp-content\/uploads\/2022\/10\/slide-quienes-2.png?w=640&#038;ssl=1\" alt=\"Quienes somos\" \/><\/div><div class=\"col-12 col-lg-5 offset-lg-1\"><h2 class=\"mt-6 mtxs-4 mb-3\">En Fiftyone te ayudamos a hablar un idioma o lo hablamos por ti. Ofrecemos<span class=\"green-text\"> servicios ling\u00fc\u00edsticos<\/span> a particulares y empresas.<\/h2><br \/><a class=\"green-button\" href=\"https:\/\/fiftyone.es\/en\/contacto\/\">Contact us<\/a><\/div><\/div><\/div><\/div>\n\n\t\t\t\t\t<div  class=\"ms-layer siguenos\" style=\"\"      data-ease=\"easeOutQuint\"                data-offset-x=\"0\" data-offset-y=\"0\" data-origin=\"tl\"   >\n<div class=\"follow-slider\">\n<span>Follow us<\/span>\n<a href=\"https:\/\/www.instagram.com\/fiftyone.sl\/?hl=es\" target=\"_blank\"><i class=\"fa fa-instagram\" aria-hidden=\"true\"><\/i><\/a>\n<a href=\"https:\/\/www.linkedin.com\/company\/fiftyone-servicios-ling\u00fc%C3%ADsticos\/about\/\" target=\"_blank\"><i class=\"fa fa-linkedin\" aria-hidden=\"true\"><\/i><\/a>\n<\/div><\/div>\n\n\t\t\t\t\t<div  class=\"ms-layer scroll\" style=\"\"      data-ease=\"easeOutQuint\"                data-offset-x=\"17\" data-offset-y=\"417\" data-origin=\"tl\"   >\n<a id=\"scroll\" href=\"#scroll-to\">Scroll down <br \/><img data-recalc-dims=\"1\" decoding=\"async\" class=\"img-responsive\" src=\"https:\/\/i0.wp.com\/fiftyone.es\/wp-content\/uploads\/2022\/03\/flecha-slider.png?w=640\" alt=\"Scroll-down\" \/><\/a><\/div>\n\n<\/div>\n\t\t\t<div  class=\"ms-slide w-100 mt-6 mtxl-8\" data-delay=\"3\" data-fill-mode=\"fit\"   >\n\n\n\t\t\t\t<\/div>\n\r\n\t\t\t<\/div>\r\n\t\t\t<!-- END MasterSlider Main -->\r\n\r\n\t\t\t \r\n\t\t<\/div>\r\n\t\t<!-- END MasterSlider -->\r\n\r\n\t\t<script>\r\n\t\t( window.MSReady = window.MSReady || [] ).push( function( $ ) {\r\n\r\n\t\t\t\"use strict\";\r\n\t\t\tvar masterslider_f584 = new MasterSlider();\r\n\r\n\t\t\t\/\/ slider controls\r\n\t\t\t\/\/ slider setup\r\n\t\t\tmasterslider_f584.setup(\"MS69fb40561f584\", {\r\n\t\t\t\twidth           : 1920,\r\n\t\t\t\theight          : 500,\r\n\t\t\t\tminHeight       : 0,\r\n\t\t\t\tspace           : 0,\r\n\t\t\t\tstart           : 1,\r\n\t\t\t\tgrabCursor      : false,\r\n\t\t\t\tswipe           : false,\r\n\t\t\t\tmouse           : false,\r\n\t\t\t\tkeyboard        : false,\r\n\t\t\t\tlayout          : \"fullscreen\",\r\n\t\t\t\twheel           : false,\r\n\t\t\t\tautoplay        : false,\r\n                instantStartLayers:false,\r\n\t\t\t\tmobileBGVideo:false,\r\n\t\t\t\tloop            : false,\r\n\t\t\t\tshuffle         : false,\r\n\t\t\t\tpreload         : 0,\r\n\t\t\t\theightLimit     : true,\r\n\t\t\t\tautoHeight      : false,\r\n\t\t\t\tsmoothHeight    : true,\r\n\t\t\t\tendPause        : false,\r\n\t\t\t\toverPause       : true,\r\n\t\t\t\tfillMode        : \"fill\",\r\n\t\t\t\tcenterControls  : true,\r\n\t\t\t\tstartOnAppear   : false,\r\n\t\t\t\tlayersMode      : \"center\",\r\n\t\t\t\tautofillTarget  : \"\",\r\n\t\t\t\thideLayers      : false,\r\n\t\t\t\tfullscreenMargin: 0,\r\n\t\t\t\tspeed           : 20,\r\n\t\t\t\tdir             : \"h\",\r\n\t\t\t\tresponsive      : true,\r\n\t\t\t\ttabletWidth     : 768,\r\n\t\t\t\ttabletHeight    : null,\r\n\t\t\t\tphoneWidth      : 480,\r\n\t\t\t\tphoneHeight    : null,\r\n\t\t\t\tsizingReference : window,\r\n\t\t\t\tparallaxMode    : 'swipe',\n\t\t\t\tview            : \"basic\"\r\n\t\t\t});\r\n\r\n\t\t\t\t\t\tMSScrollParallax.setup( masterslider_f584, 30, 50, true );\n\t\t\twindow.masterslider_instances = window.masterslider_instances || [];\n\t\t\twindow.masterslider_instances.push( masterslider_f584 );\n\t\t});\r\n\t\t<\/script>\r\n\r\n<br \/>\n<img decoding=\"async\" src=\"\/img\/quienes-1.png\" alt=\"Quienes somos\"><\/p>\n<h2>We offer training, translation and interpretation services made to fit your needs.<\/h2>\n<p>There are many ways to express yourself and Fiftyone helps you find your voice and your message in the right register.<\/p>\n<h2>Our mission is to help our clients overcome their foreign language challenges. We strive to ensure that you or your staff can communicate in any language  at any time or in any place.<\/h2>\n<p>We have years of experience offering language training services to a wide range of companies working in diverse fields, such as top flight LaLiga clubs, five star hotels, multinational engineering firms or major audiovisual content platforms.<\/p>\n<p><img decoding=\"async\" src=\"\/img\/quienes-2.png\" alt=\"Quienes somos\"><br \/>\n<img decoding=\"async\" src=\"\/img\/corazon.png\" alt=\"Corazon\"><\/p>\n<p>Here you can see part of our experience through some of our projects and clients we work with.<\/p>\n<p><a href=\"https:\/\/fiftyone.es\/en\/proyectos-y-clientes\/\">See more<\/a><br \/>\n<img decoding=\"async\" src=\"\/img\/saga-logo.png\" alt=\"Logo Saga\"><br \/>\n<img decoding=\"async\" src=\"\/img\/reff-logo.png\" alt=\"Logo Reff\"><br \/>\n<img decoding=\"async\" src=\"\/img\/soundstudio-logo.png\" alt=\"Logo Soundstudio\"><\/p>","protected":false},"excerpt":{"rendered":"<p>Ofrecemos servicios de Formaci\u00f3n, Traducci\u00f3n e Interpretaci\u00f3n ajustados a tus necesidades. Hay muchas maneras de expresarse y Fiftyone te ayuda a encontrar tu voz y tu mensaje en el registro adecuado. Nuestra misi\u00f3n es conseguir que el idioma no te suponga una barrera. Que t\u00fa o tu empresa pod\u00e1is comunicaros en cualquier idioma, en cualquier [&#8230;]<\/p>\n<p><a class=\"btn btn-secondary understrap-read-more-link\" href=\"https:\/\/fiftyone.es\/en\/quienes-somos\/\">Read More&#8230;<span class=\"screen-reader-text\"> from \u00bfQui\u00e9nes somos?<\/span><\/a><\/p>","protected":false},"author":1,"featured_media":0,"parent":0,"menu_order":0,"comment_status":"closed","ping_status":"closed","template":"","meta":{"inline_featured_image":false,"footnotes":""},"class_list":["post-13","page","type-page","status-publish","hentry"],"acf":[],"yoast_head":"<!-- This site is optimized with the Yoast SEO plugin v27.5 - https:\/\/yoast.com\/product\/yoast-seo-wordpress\/ -->\n<title>\u00bfQui\u00e9nes somos? - Fiftyone<\/title>\n<meta name=\"description\" content=\"Servicios Ling\u00fc\u00edsticos - Soluciones ling\u00fc\u00edsticas para particulares y empresas - Proyectos ling\u00fcisticos de traducci\u00f3n e interpretaci\u00f3n.\" \/>\n<meta name=\"robots\" content=\"index, follow, max-snippet:-1, max-image-preview:large, max-video-preview:-1\" \/>\n<link rel=\"canonical\" href=\"https:\/\/fiftyone.es\/en\/quienes-somos\/\" \/>\n<meta property=\"og:locale\" content=\"en_GB\" \/>\n<meta property=\"og:type\" content=\"article\" \/>\n<meta property=\"og:title\" content=\"\u00bfQui\u00e9nes somos? - Fiftyone\" \/>\n<meta property=\"og:description\" content=\"Servicios Ling\u00fc\u00edsticos - Soluciones ling\u00fc\u00edsticas para particulares y empresas - Proyectos ling\u00fcisticos de traducci\u00f3n e interpretaci\u00f3n.\" \/>\n<meta property=\"og:url\" content=\"https:\/\/fiftyone.es\/en\/quienes-somos\/\" \/>\n<meta property=\"og:site_name\" content=\"Fiftyone\" \/>\n<meta property=\"article:modified_time\" content=\"2022-10-26T08:02:48+00:00\" \/>\n<meta name=\"twitter:card\" content=\"summary_large_image\" \/>\n<meta name=\"twitter:label1\" content=\"Estimated reading time\" \/>\n\t<meta name=\"twitter:data1\" content=\"2 minutes\" \/>\n<script type=\"application\/ld+json\" class=\"yoast-schema-graph\">{\"@context\":\"https:\\\/\\\/schema.org\",\"@graph\":[{\"@type\":\"WebPage\",\"@id\":\"https:\\\/\\\/fiftyone.es\\\/quienes-somos\\\/\",\"url\":\"https:\\\/\\\/fiftyone.es\\\/quienes-somos\\\/\",\"name\":\"\u00bfQui\u00e9nes somos? - Fiftyone\",\"isPartOf\":{\"@id\":\"https:\\\/\\\/fiftyone.es\\\/#website\"},\"datePublished\":\"2022-02-21T20:56:25+00:00\",\"dateModified\":\"2022-10-26T08:02:48+00:00\",\"description\":\"Servicios Ling\u00fc\u00edsticos - Soluciones ling\u00fc\u00edsticas para particulares y empresas - Proyectos ling\u00fcisticos de traducci\u00f3n e interpretaci\u00f3n.\",\"breadcrumb\":{\"@id\":\"https:\\\/\\\/fiftyone.es\\\/quienes-somos\\\/#breadcrumb\"},\"inLanguage\":\"en-GB\",\"potentialAction\":[{\"@type\":\"ReadAction\",\"target\":[\"https:\\\/\\\/fiftyone.es\\\/quienes-somos\\\/\"]}]},{\"@type\":\"BreadcrumbList\",\"@id\":\"https:\\\/\\\/fiftyone.es\\\/quienes-somos\\\/#breadcrumb\",\"itemListElement\":[{\"@type\":\"ListItem\",\"position\":1,\"name\":\"Portada\",\"item\":\"https:\\\/\\\/fiftyone.es\\\/\"},{\"@type\":\"ListItem\",\"position\":2,\"name\":\"\u00bfQui\u00e9nes somos?\"}]},{\"@type\":\"WebSite\",\"@id\":\"https:\\\/\\\/fiftyone.es\\\/#website\",\"url\":\"https:\\\/\\\/fiftyone.es\\\/\",\"name\":\"Fiftyone\",\"description\":\"Servicios de formaci\u00f3n de idiomas\",\"publisher\":{\"@id\":\"https:\\\/\\\/fiftyone.es\\\/#organization\"},\"potentialAction\":[{\"@type\":\"SearchAction\",\"target\":{\"@type\":\"EntryPoint\",\"urlTemplate\":\"https:\\\/\\\/fiftyone.es\\\/?s={search_term_string}\"},\"query-input\":{\"@type\":\"PropertyValueSpecification\",\"valueRequired\":true,\"valueName\":\"search_term_string\"}}],\"inLanguage\":\"en-GB\"},{\"@type\":\"Organization\",\"@id\":\"https:\\\/\\\/fiftyone.es\\\/#organization\",\"name\":\"Fiftyone\",\"url\":\"https:\\\/\\\/fiftyone.es\\\/\",\"logo\":{\"@type\":\"ImageObject\",\"inLanguage\":\"en-GB\",\"@id\":\"https:\\\/\\\/fiftyone.es\\\/#\\\/schema\\\/logo\\\/image\\\/\",\"url\":\"https:\\\/\\\/fiftyone.es\\\/wp-content\\\/uploads\\\/2022\\\/03\\\/favicon2.svg\",\"contentUrl\":\"https:\\\/\\\/fiftyone.es\\\/wp-content\\\/uploads\\\/2022\\\/03\\\/favicon2.svg\",\"width\":\"1024\",\"height\":\"1024\",\"caption\":\"Fiftyone\"},\"image\":{\"@id\":\"https:\\\/\\\/fiftyone.es\\\/#\\\/schema\\\/logo\\\/image\\\/\"},\"sameAs\":[\"https:\\\/\\\/instagram.com\\\/fiftyone.sl?igshid=OGQ5ZDc2ODk2ZA==\"]}]}<\/script>\n<!-- \/ Yoast SEO plugin. -->","yoast_head_json":{"title":"\u00bfQui\u00e9nes somos? - Fiftyone","description":"Servicios Ling\u00fc\u00edsticos - Soluciones ling\u00fc\u00edsticas para particulares y empresas - Proyectos ling\u00fcisticos de traducci\u00f3n e interpretaci\u00f3n.","robots":{"index":"index","follow":"follow","max-snippet":"max-snippet:-1","max-image-preview":"max-image-preview:large","max-video-preview":"max-video-preview:-1"},"canonical":"https:\/\/fiftyone.es\/en\/quienes-somos\/","og_locale":"en_GB","og_type":"article","og_title":"\u00bfQui\u00e9nes somos? - Fiftyone","og_description":"Servicios Ling\u00fc\u00edsticos - Soluciones ling\u00fc\u00edsticas para particulares y empresas - Proyectos ling\u00fcisticos de traducci\u00f3n e interpretaci\u00f3n.","og_url":"https:\/\/fiftyone.es\/en\/quienes-somos\/","og_site_name":"Fiftyone","article_modified_time":"2022-10-26T08:02:48+00:00","twitter_card":"summary_large_image","twitter_misc":{"Estimated reading time":"2 minutes"},"schema":{"@context":"https:\/\/schema.org","@graph":[{"@type":"WebPage","@id":"https:\/\/fiftyone.es\/quienes-somos\/","url":"https:\/\/fiftyone.es\/quienes-somos\/","name":"\u00bfQui\u00e9nes somos? - Fiftyone","isPartOf":{"@id":"https:\/\/fiftyone.es\/#website"},"datePublished":"2022-02-21T20:56:25+00:00","dateModified":"2022-10-26T08:02:48+00:00","description":"Servicios Ling\u00fc\u00edsticos - Soluciones ling\u00fc\u00edsticas para particulares y empresas - Proyectos ling\u00fcisticos de traducci\u00f3n e interpretaci\u00f3n.","breadcrumb":{"@id":"https:\/\/fiftyone.es\/quienes-somos\/#breadcrumb"},"inLanguage":"en-GB","potentialAction":[{"@type":"ReadAction","target":["https:\/\/fiftyone.es\/quienes-somos\/"]}]},{"@type":"BreadcrumbList","@id":"https:\/\/fiftyone.es\/quienes-somos\/#breadcrumb","itemListElement":[{"@type":"ListItem","position":1,"name":"Portada","item":"https:\/\/fiftyone.es\/"},{"@type":"ListItem","position":2,"name":"\u00bfQui\u00e9nes somos?"}]},{"@type":"WebSite","@id":"https:\/\/fiftyone.es\/#website","url":"https:\/\/fiftyone.es\/","name":"Fiftyone","description":"Servicios de formaci\u00f3n de idiomas","publisher":{"@id":"https:\/\/fiftyone.es\/#organization"},"potentialAction":[{"@type":"SearchAction","target":{"@type":"EntryPoint","urlTemplate":"https:\/\/fiftyone.es\/?s={search_term_string}"},"query-input":{"@type":"PropertyValueSpecification","valueRequired":true,"valueName":"search_term_string"}}],"inLanguage":"en-GB"},{"@type":"Organization","@id":"https:\/\/fiftyone.es\/#organization","name":"Fiftyone","url":"https:\/\/fiftyone.es\/","logo":{"@type":"ImageObject","inLanguage":"en-GB","@id":"https:\/\/fiftyone.es\/#\/schema\/logo\/image\/","url":"https:\/\/fiftyone.es\/wp-content\/uploads\/2022\/03\/favicon2.svg","contentUrl":"https:\/\/fiftyone.es\/wp-content\/uploads\/2022\/03\/favicon2.svg","width":"1024","height":"1024","caption":"Fiftyone"},"image":{"@id":"https:\/\/fiftyone.es\/#\/schema\/logo\/image\/"},"sameAs":["https:\/\/instagram.com\/fiftyone.sl?igshid=OGQ5ZDc2ODk2ZA=="]}]}},"jetpack_sharing_enabled":true,"_links":{"self":[{"href":"https:\/\/fiftyone.es\/en\/wp-json\/wp\/v2\/pages\/13","targetHints":{"allow":["GET"]}}],"collection":[{"href":"https:\/\/fiftyone.es\/en\/wp-json\/wp\/v2\/pages"}],"about":[{"href":"https:\/\/fiftyone.es\/en\/wp-json\/wp\/v2\/types\/page"}],"author":[{"embeddable":true,"href":"https:\/\/fiftyone.es\/en\/wp-json\/wp\/v2\/users\/1"}],"replies":[{"embeddable":true,"href":"https:\/\/fiftyone.es\/en\/wp-json\/wp\/v2\/comments?post=13"}],"version-history":[{"count":17,"href":"https:\/\/fiftyone.es\/en\/wp-json\/wp\/v2\/pages\/13\/revisions"}],"predecessor-version":[{"id":1367,"href":"https:\/\/fiftyone.es\/en\/wp-json\/wp\/v2\/pages\/13\/revisions\/1367"}],"wp:attachment":[{"href":"https:\/\/fiftyone.es\/en\/wp-json\/wp\/v2\/media?parent=13"}],"curies":[{"name":"wp","href":"https:\/\/api.w.org\/{rel}","templated":true}]}}