{"id":114,"date":"2022-03-02T00:25:58","date_gmt":"2022-03-02T00:25:58","guid":{"rendered":"http:\/\/fiftyone.es\/?page_id=114"},"modified":"2022-10-03T18:11:49","modified_gmt":"2022-10-03T17:11:49","slug":"aviso-legal","status":"publish","type":"page","link":"https:\/\/fiftyone.es\/en\/aviso-legal\/","title":{"rendered":"Aviso legal"},"content":{"rendered":"<br><ol class=\"wp-block-list\"><li><strong>Datos de la Empresa Responsable<\/strong><\/li><\/ol>\n\n\n\n<p>El sitio web, <strong>www.fiftyone.es<\/strong>, (en adelante, el \u201cSitio Web\u201d) es propiedad de <strong>FIFTYONE SERVICIOS LING\u00dcISTICOS, S.L.<\/strong> (en lo adelante<strong> la Empresa)<\/strong>, con domicilio social en <strong>Calle Antonio Buero Vallejo 7 Mairena del Alcor (Sevilla), 41510<\/strong>y N.I.F.\/C.I.F. n\u00ba<strong> B09682915<\/strong><\/p>\n\n\n\n<p>La Empresa le da la bienvenida y le invita a leer atentamente las Condiciones Generales de Uso de este Sito Web (en adelante, las \u201cCondiciones de Uso\u201d). Con el \u00e1nimo de que el uso del Sitio Web se ajuste a criterios de transparencia, claridad y sencillez, La Empresa informa al&nbsp; Usuario&nbsp; que&nbsp; cualquier&nbsp; sugerencia,&nbsp; duda&nbsp; o&nbsp; consulta&nbsp; sobre&nbsp; las Condiciones Generales de Uso ser\u00e1 recibida y solucionada contactando a trav\u00e9s del tfno. <strong>600732349 Adri\u00e1n vico, <\/strong>o en la direcci\u00f3n de correo electr\u00f3nico: <strong>info@fiftyone.es<\/strong><\/p>\n\n\n\n<ol class=\"wp-block-list\" start=\"2\"><li><strong>Objeto<\/strong><\/li><\/ol>\n\n\n\n<p>Las presentes Condiciones tienen como objeto regular la relaci\u00f3n entre los Usuarios y la Empresa. La navegaci\u00f3n y\/o contrataci\u00f3n de cualquiera de los servicios ofrecidos en la P\u00e1gina Web, supondr\u00e1 la aceptaci\u00f3n sin reservas de las presentes Condiciones.<\/p>\n\n\n\n<p>La Empresa podr\u00e1 en cualquier momento modificar las Condiciones. Cuando se produzcan cambios sustanciales en las Condiciones la Empresa informar\u00e1 al Cliente mediante un aviso en la propia Web. Si el Cliente no estuviera de acuerdo con cualquiera de los t\u00e9rminos dispuestos en las Condiciones, deber\u00e1 abstenerse respecto a su uso.<\/p>\n\n\n\n<ol class=\"wp-block-list\" start=\"3\"><li><strong>Usuarios menores de edad<\/strong><\/li><\/ol>\n\n\n\n<p>Si se activara un \u00e1rea de registro privado en la web, el Usuario deber\u00e1 tener al menos 14 a\u00f1os para poder registrarse. La empresa podr\u00eda solicitar como condici\u00f3n para validar el registro y permitir la operativa de usuarios, informaci\u00f3n adicional a estos antes, durante y despu\u00e9s del proceso de registro, tales como documentos de identificaci\u00f3n.<\/p>\n\n\n\n<ol class=\"wp-block-list\" start=\"4\"><li><strong>Services<\/strong><\/li><\/ol>\n\n\n\n<p>En la p\u00e1gina web el Usuario podr\u00e1 encontrar informaci\u00f3n sobre la Empresa, as\u00ed como informaci\u00f3n sobre temas del sector, eventos y actividades relacionadas con los servicios de la Empresa. As\u00ed tambi\u00e9n existe un \u00e1rea de contacto donde el Usuario podr\u00e1 enviarnos sus comentarios, dudas, o solicitarnos informaci\u00f3n adicional.<\/p>\n\n\n\n<ol class=\"wp-block-list\" start=\"5\"><li><strong>Privacidad y Tratamiento de Datos Personales<\/strong><\/li><\/ol>\n\n\n\n<p>Cuando para el acceso a determinados contenidos o servicios le solicitemos datos de car\u00e1cter personal, Usted garantizar\u00e1 la veracidad, exactitud, autenticidad y vigencia de la informaci\u00f3n facilitada. La Empresa dar\u00e1 a dichos datos el tratamiento automatizado que corresponda en funci\u00f3n de su naturaleza o finalidad, en los t\u00e9rminos indicados en la secci\u00f3n de Pol\u00edtica de Privacidad.<\/p>\n\n\n\n<ol class=\"wp-block-list\" start=\"6\"><li><strong>Propiedad Industrial e Intelectual<\/strong><\/li><\/ol>\n\n\n\n<p>El Usuario reconoce y acepta que todos los contenidos del Sitio Web y en especial, dise\u00f1os, textos, im\u00e1genes, logos, iconos, botones, software, nombres comerciales, textos, programas de ordenador, c\u00f3digos fuente y, en general, cualquier creaci\u00f3n intelectual existente en este sitio, as\u00ed como el propio sitio en su conjunto, las marcas, o&nbsp; cualesquiera&nbsp; otros&nbsp; signos&nbsp; susceptibles&nbsp; de&nbsp; utilizaci\u00f3n industrial&nbsp; y\/o&nbsp; comercial&nbsp; son&nbsp; propiedad exclusiva de La Empresa y\/o de terceros, y est\u00e1n protegidos por derechos de Propiedad Intelectual.&nbsp;<\/p>\n\n\n\n<p>El Usuario se compromete a no reproducir, copiar, distribuir, poner a disposici\u00f3n o de cualquier otra forma comunicar p\u00fablicamente, transformar o modificar tales contenidos sin autorizaci\u00f3n de la Empresa, respondiendo de cualquier reclamaci\u00f3n que se derive del incumplimiento de tales obligaciones. En ning\u00fan caso el acceso al Sitio Web implica ning\u00fan tipo de renuncia, transmisi\u00f3n, licencia o cesi\u00f3n total ni parcial de dichos derechos, salvo que se establezca expresamente lo contrario. El uso o explotaci\u00f3n contenidos protegidos sin autorizaci\u00f3n de la Empresa, constituye un incumplimiento de las presentes Condiciones y facultar\u00e1 a la Empresa para ejercitar acciones legales correspondientes.<\/p>\n\n\n\n<p>Asimismo, queda prohibido suprimir, eludir y\/o manipular el copyright as\u00ed como los dispositivos t\u00e9cnicos de protecci\u00f3n, o cualesquiera mecanismos de informaci\u00f3n que pudieren contener los contenidos. El Usuario de este Sitio Web se compromete a respetar los derechos enunciados y a evitar cualquier actuaci\u00f3n que pudiera perjudicarlos, reserv\u00e1ndose en todo caso la Empresa el ejercicio de cuantos medios o&nbsp; acciones&nbsp; legales&nbsp; le&nbsp; correspondan&nbsp; en&nbsp; defensa&nbsp; de&nbsp; sus&nbsp; leg\u00edtimos derechos de propiedad intelectual e industrial.<\/p>\n\n\n\n<ol class=\"wp-block-list\" start=\"7\"><li><strong>Obligaciones del Usuario&nbsp;<\/strong><\/li><\/ol>\n\n\n\n<p>El Usuario se compromete a:<\/p>\n\n\n\n<ol class=\"wp-block-list\"><li>Hacer un uso adecuado y l\u00edcito del Sitio Web as\u00ed como de los contenidos y servicios, de conformidad con: (i) la legislaci\u00f3n aplicable en cada momento; (ii) las Condiciones Generales de Uso; (iii) la moral y buenas costumbres generalmente aceptadas y (iv) el orden p\u00fablico.<\/li><li>Proveerse de todos los medios y requerimientos t\u00e9cnicos que se precisen para acceder al Sitio Web.<\/li><li>Facilitar informaci\u00f3n veraz al cumplimentar con sus datos de car\u00e1cter personal los formularios contenidos en el Sitio Web y a mantenerlos actualizados en todo momento de forma que responda, en cada momento, a&nbsp; la&nbsp; situaci\u00f3n real&nbsp; del&nbsp; Usuario. El Usuario ser\u00e1 el&nbsp; \u00fanico responsable de las manifestaciones falsas o inexactas que realice y de los perjuicios que cause a La Empresa o a terceros por la informaci\u00f3n que facilite.<\/li><li>No intentar acceder a recursos o \u00e1reas restringidas del Sitio Web, sin cumplir las condiciones exigidas para dicho acceso.<\/li><li>No Introducir o difundir en la red virus inform\u00e1ticos o cualesquiera otros sistemas f\u00edsicos o l\u00f3gicos que sean susceptibles de provocar da\u00f1os en los sistemas f\u00edsicos o l\u00f3gicos en la web.<\/li><li>En particular, el Usuario se compromete a no transmitir, difundir o poner a disposici\u00f3n de terceros informaciones, datos, contenidos, mensajes, gr\u00e1ficos, dibujos, archivos de sonido y\/o imagen, fotograf\u00edas, grabaciones, software y, en general, cualquier clase de material que:<\/li><\/ol>\n\n\n\n<ul class=\"wp-block-list\"><li>De cualquier forma sea contrario, menosprecie o atente contra los derechos fundamentales y las libertades p\u00fablicas reconocidas constitucionalmente, en los Tratados Internacionales y en el resto de la legislaci\u00f3n vigente.<\/li><li>Induzca, incite o promueva actuaciones delictivas, denigratorias, difamatorias, violentas o, en general, contrarias a la ley, a la moral, a las buenas costumbres generalmente aceptadas o al orden p\u00fablico.<\/li><li>Induzca, incite o promueva actuaciones, actitudes o pensamientos discriminatorios por raz\u00f3n de sexo, raza, religi\u00f3n, creencias, edad o condici\u00f3n.<\/li><li>Incorpore, ponga a disposici\u00f3n o permita acceder a productos, elementos, mensajes y\/o servicios delictivos, violentos, ofensivos, nocivos, degradantes o, en general, contrarios a la ley, a la moral y a las buenas costumbres generalmente aceptadas o al orden p\u00fablico.<\/li><li>Se encuentre protegido por la legislaci\u00f3n en materia de protecci\u00f3n intelectual o industrial perteneciente a <strong>La Empresa<\/strong> o a terceros sin que haya sido autorizado el uso que se pretenda realizar.<\/li><li>Sea contrario al honor, a la intimidad personal y familiar o a la propia imagen de las personas.<\/li><li>Constituya cualquier tipo de publicidad.<\/li><li>Incluya cualquier tipo de virus o programa que impida el normal funcionamiento del Sitio Web.<\/li><\/ul>\n\n\n\n<ol class=\"wp-block-list\" start=\"8\"><li><strong>Contrase\u00f1as<\/strong><\/li><\/ol>\n\n\n\n<p>Si para acceder a algunos de los servicios y\/o contenidos del Sitio Web, se le proporcionara una contrase\u00f1a, se obliga a usarla de manera diligente, manteni\u00e9ndola en todo momento en secreto. El Usuario ser\u00e1 responsable de su adecuada custodia y confidencialidad, comprometi\u00e9ndose a no cederla a terceros, de manera temporal o permanente, ni a permitir el acceso a los mencionados servicios y\/o contenidos por parte de personas ajenas. Igualmente, se obliga a notificar a la Empresa cualquier hecho que pueda suponer un uso indebido de su contrase\u00f1a, como, a t\u00edtulo enunciativo, su robo, extrav\u00edo o el acceso no autorizado, con el fin de proceder a su inmediata cancelaci\u00f3n. En consecuencia, mientras no efect\u00fae la notificaci\u00f3n anterior, La Empresa quedar\u00e1 eximida de cualquier responsabilidad que pudiera derivarse del uso indebido de su contrase\u00f1a, siendo de su responsabilidad cualquier utilizaci\u00f3n il\u00edcita de los contenidos y\/o servicios del Sitio Web por cualquier tercero ileg\u00edtimo. Si de manera negligente o dolosa incumpliera cualquiera de las obligaciones establecidas en las presentes Condiciones Generales de Uso, responder\u00e1 por todos los da\u00f1os y perjuicios que de dicho incumplimiento pudieran derivarse para La Empresa.<\/p>\n\n\n\n<ol class=\"wp-block-list\" start=\"9\"><li><strong>Responsabilidades<\/strong><\/li><\/ol>\n\n\n\n<p>La Empresa no garantiza el acceso continuado, ni la correcta visualizaci\u00f3n, descarga o utilidad de los elementos e informaciones que pueden verse impedidos, dificultados o interrumpidos por factores o circunstancias que est\u00e1n fuera de su control.<\/p>\n\n\n\n<p>La Empresa podr\u00e1 interrumpir el servicio o resolver de modo inmediato la relaci\u00f3n con el Usuario si detecta que el uso del Sitio Web es contrario a&nbsp; las&nbsp; presentes&nbsp; Condiciones&nbsp; Generales&nbsp; de&nbsp; Uso. La Empresa no se&nbsp; hace responsable por da\u00f1os, perjuicios, p\u00e9rdidas, reclamaciones o gastos derivados del uso del Sitio Web. \u00danicamente ser\u00e1 responsable de eliminar, lo antes posible, los contenidos que puedan generar tales perjuicios, siempre que as\u00ed se notifique. En especial no ser\u00e1 responsable de los perjuicios que se pudieran derivar, entre otros, de:<\/p>\n\n\n\n<ol class=\"wp-block-list\"><li>interferencias, interrupciones, fallos, omisiones, aver\u00edas telef\u00f3nicas, retrasos, bloqueos o desconexiones en el funcionamiento del sistema&nbsp; electr\u00f3nico, motivadas por deficiencias, sobrecargas y errores en las l\u00edneas y redes de telecomunicaciones, o por cualquier otra causa ajena al control de La Empresa.<\/li><li>intromisiones ileg\u00edtimas mediante el uso de programas malignos de cualquier tipo y a trav\u00e9s de cualquier medio de comunicaci\u00f3n, tales como virus inform\u00e1ticos o cualesquiera otros.<\/li><li>abuso indebido o inadecuado del Sitio Web.<\/li><li>errores de seguridad o navegaci\u00f3n producidos por un mal funcionamiento del navegador o por el uso de versiones no actualizadas del mismo.&nbsp;<\/li><\/ol>\n\n\n\n<ol class=\"wp-block-list\" start=\"10\"><li><strong>Hiperv\u00ednculos<\/strong><\/li><\/ol>\n\n\n\n<p>La Empresa incluye enlaces a otros sitios web gestionados por terceros, con objeto de facilitar el acceso del Usuario a la informaci\u00f3n que pueda ser de su inter\u00e9s. La Empresa no se responsabiliza del contenido de los sitios web, ni se sit\u00faa en una posici\u00f3n de garante ni\/o de parte ofertante de los servicios y\/o informaci\u00f3n que se puedan ofrecer a trav\u00e9s de los enlaces de terceros. Si la Empresa recibe alguna notificaci\u00f3n sobre el posible contenido ilegal de alguna web enlazada, proceder\u00e1 de inmediato a eliminar dicho enlace.<\/p>\n\n\n\n<p>Se concede al Usuario un derecho limitado, revocable y no exclusivo a crear enlaces a la p\u00e1gina principal del Sitio Web. El establecimiento del enlace no implica en ning\u00fan caso la existencia de relaciones entre la Empresa y el propietario del sitio o de la p\u00e1gina web en la que se establezca el enlace, ni la aceptaci\u00f3n o aprobaci\u00f3n de sus contenidos o servicios. En todo caso, la Empresa se reserva el derecho de prohibir o inutilizar en cualquier momento cualquier enlace especialmente en los supuestos en los que tenga conocimiento de ilicitud de la actividad o contenidos del sitio web. Los sitios web que incluyan enlace al nuestro (i) no podr\u00e1n dar a entender recomendamos ese sitio web o sus servicios o productos; (ii) no podr\u00e1n falsear su relaci\u00f3n con la Empresa, ni afirmar que la Empresa ha autorizado tal enlace, ni incluir marcas, denominaciones, nombres comerciales, logotipos u otros signos distintivos de la Empresa; (iii) no podr\u00e1n incluir contenidos que puedan considerarse de mal gusto, obscenos, ofensivos, controvertidos, que inciten a la violencia o la discriminaci\u00f3n por raz\u00f3n de sexo, raza o religi\u00f3n, contrarios al orden p\u00fablico o il\u00edcitos.<\/p>\n\n\n\n<ol class=\"wp-block-list\" start=\"11\"><li><strong>Duraci\u00f3n y terminaci\u00f3n<\/strong><\/li><\/ol>\n\n\n\n<p>La prestaci\u00f3n del servicio del presente Sitio Web y los dem\u00e1s servicios tienen una duraci\u00f3n de 6 meses renovables autom\u00e1ticamente por sucesivos periodos si ninguna de las partes manifiesta su voluntad de terminar. No obstante, la Empresa, podr\u00e1 dar por terminada o suspender cualquiera de los servicios del portal. Cuando sea ello posible, La Empresa, anunciar\u00e1 la terminaci\u00f3n o suspensi\u00f3n de la prestaci\u00f3n del servicio determinado. La Empresa podr\u00e1 terminar o suspender anticipadamente la vigencia de la relaci\u00f3n contractual sin previo aviso cuando:<\/p>\n\n\n\n<ol class=\"wp-block-list\"><li>Se incumplan los t\u00e9rminos y condiciones establecidos en las presentes Condiciones. El Usuario haya incumplido sustancialmente sus obligaciones descritas en las Condiciones, tales como los relativos al pago, o cualquier otra norma.<\/li><li>El Usuario haya incumplido alguna ley, normativa o derechos de terceros que le sean de aplicaci\u00f3n.&nbsp;<\/li><li>Sea requerido por orden o requerimiento judicial, emitido por las fuerzas de seguridad o juzgados y tribunales, o un \u00f3rgano gubernamental a administraciones p\u00fablicas.&nbsp;<\/li><li>El Usuario facilite informaci\u00f3n inexacta, fraudulenta, obsoleta o incompleta durante el registro y en su anuncio.<\/li><li>Sea necesario proteger la seguridad del resto de Usuarios, o garantizar el funcionamiento de la web.<\/li><\/ol>\n\n\n\n<ol class=\"wp-block-list\" start=\"12\"><li><strong>Declaraciones y Garant\u00edas<\/strong><\/li><\/ol>\n\n\n\n<p>Los contenidos y servicios ofrecidos en el Sitio Web tienen car\u00e1cter meramente informativo. Por consiguiente, al ofrecerlos, La Empresa<strong>, <\/strong>no otorga garant\u00eda ni declaraci\u00f3n alguna en relaci\u00f3n con los contenidos y servicios ofrecidos en el Sitio web, incluyendo, a t\u00edtulo enunciativo, garant\u00edas de licitud, fiabilidad, utilidad, veracidad, exactitud, o comerciabilidad, salvo en la medida en que por ley no puedan excluirse tales declaraciones y garant\u00edas.<\/p>\n\n\n\n<ol class=\"wp-block-list\" start=\"13\"><li><strong>Fuerza mayor<\/strong><\/li><\/ol>\n\n\n\n<p>La Empresa<strong> <\/strong>no ser\u00e1 responsable en todo en caso de imposibilidad de prestar servicio, si \u00e9sta se debe a interrupciones prolongadas del suministro el\u00e9ctrico, l\u00edneas de telecomunicaciones, conflictos sociales, huelgas, rebeli\u00f3n, explosiones, inundaciones, actos y omisiones del Gobierno, y en general todos los supuestos de fuerza mayor o de caso fortuito que se encuentren fuera de nuestro control.<\/p>\n\n\n\n<ol class=\"wp-block-list\" start=\"14\"><li><strong>Resoluci\u00f3n de controversias. Ley aplicable y jurisdicci\u00f3n<\/strong><\/li><\/ol>\n\n\n\n<p>Las presentes Condiciones Generales de Uso, as\u00ed como el uso del Sitio Web, se regir\u00e1n por la legislaci\u00f3n espa\u00f1ola vigente. Cualquier controversia ser\u00e1 resuelta ante los juzgados correspondientes al domicilio del usuario.<\/p>\n\n\n\n<p>En el supuesto de que cualquier estipulaci\u00f3n de las presentes Condiciones Generales de Uso resultara inexigible o nula en virtud de la legislaci\u00f3n aplicable o como consecuencia de una resoluci\u00f3n judicial o administrativa, dicha inexigibilidad o nulidad no har\u00e1 que las presentes Condiciones Generales de Uso resulten inexigibles o nulas en su conjunto. En dichos casos, La Empresa, proceder\u00e1 a la modificaci\u00f3n o sustituci\u00f3n de dicha estipulaci\u00f3n por otra que sea v\u00e1lida y exigible y que, en la medida de lo posible, consiga el objetivo y pretensi\u00f3n reflejados en la estipulaci\u00f3n original.<\/p>","protected":false},"excerpt":{"rendered":"<p>Datos de la Empresa Responsable El sitio web, www.fiftyone.es, (en adelante, el \u201cSitio Web\u201d) es propiedad de FIFTYONE SERVICIOS LING\u00dcISTICOS, S.L. (en lo adelante la Empresa), con domicilio social en Calle Antonio Buero Vallejo 7 Mairena del Alcor (Sevilla), 41510y N.I.F.\/C.I.F. n\u00ba B09682915 La Empresa le da la bienvenida y le invita a leer atentamente [&#8230;]<\/p>\n<p><a class=\"btn btn-secondary understrap-read-more-link\" href=\"https:\/\/fiftyone.es\/en\/aviso-legal\/\">Read More&#8230;<span class=\"screen-reader-text\"> from Aviso legal<\/span><\/a><\/p>","protected":false},"author":1,"featured_media":0,"parent":0,"menu_order":0,"comment_status":"closed","ping_status":"closed","template":"","meta":{"inline_featured_image":false,"footnotes":""},"class_list":["post-114","page","type-page","status-publish","hentry"],"acf":[],"yoast_head":"<!-- This site is optimized with the Yoast SEO plugin v27.4 - https:\/\/yoast.com\/product\/yoast-seo-wordpress\/ -->\n<title>Aviso legal - Fiftyone<\/title>\n<meta name=\"description\" content=\"En esta p\u00e1gina encontrar\u00e1s la identificaci\u00f3n del propietario y los datos obligatorios por la Ley de Servicios de la Iformaci\u00f3n (LSSI).\" \/>\n<meta name=\"robots\" content=\"index, follow, max-snippet:-1, max-image-preview:large, max-video-preview:-1\" \/>\n<link rel=\"canonical\" href=\"https:\/\/fiftyone.es\/en\/aviso-legal\/\" \/>\n<meta property=\"og:locale\" content=\"en_GB\" \/>\n<meta property=\"og:type\" content=\"article\" \/>\n<meta property=\"og:title\" content=\"Aviso legal - Fiftyone\" \/>\n<meta property=\"og:description\" content=\"En esta p\u00e1gina encontrar\u00e1s la identificaci\u00f3n del propietario y los datos obligatorios por la Ley de Servicios de la Iformaci\u00f3n (LSSI).\" \/>\n<meta property=\"og:url\" content=\"https:\/\/fiftyone.es\/en\/aviso-legal\/\" \/>\n<meta property=\"og:site_name\" content=\"Fiftyone\" \/>\n<meta property=\"article:modified_time\" content=\"2022-10-03T17:11:49+00:00\" \/>\n<meta name=\"twitter:card\" content=\"summary_large_image\" \/>\n<meta name=\"twitter:label1\" content=\"Estimated reading time\" \/>\n\t<meta name=\"twitter:data1\" content=\"11 minutes\" \/>\n<script type=\"application\/ld+json\" class=\"yoast-schema-graph\">{\"@context\":\"https:\\\/\\\/schema.org\",\"@graph\":[{\"@type\":\"WebPage\",\"@id\":\"https:\\\/\\\/fiftyone.es\\\/aviso-legal\\\/\",\"url\":\"https:\\\/\\\/fiftyone.es\\\/aviso-legal\\\/\",\"name\":\"Aviso legal - Fiftyone\",\"isPartOf\":{\"@id\":\"https:\\\/\\\/fiftyone.es\\\/#website\"},\"datePublished\":\"2022-03-02T00:25:58+00:00\",\"dateModified\":\"2022-10-03T17:11:49+00:00\",\"description\":\"En esta p\u00e1gina encontrar\u00e1s la identificaci\u00f3n del propietario y los datos obligatorios por la Ley de Servicios de la Iformaci\u00f3n (LSSI).\",\"breadcrumb\":{\"@id\":\"https:\\\/\\\/fiftyone.es\\\/aviso-legal\\\/#breadcrumb\"},\"inLanguage\":\"en-GB\",\"potentialAction\":[{\"@type\":\"ReadAction\",\"target\":[\"https:\\\/\\\/fiftyone.es\\\/aviso-legal\\\/\"]}]},{\"@type\":\"BreadcrumbList\",\"@id\":\"https:\\\/\\\/fiftyone.es\\\/aviso-legal\\\/#breadcrumb\",\"itemListElement\":[{\"@type\":\"ListItem\",\"position\":1,\"name\":\"Portada\",\"item\":\"https:\\\/\\\/fiftyone.es\\\/\"},{\"@type\":\"ListItem\",\"position\":2,\"name\":\"Aviso legal\"}]},{\"@type\":\"WebSite\",\"@id\":\"https:\\\/\\\/fiftyone.es\\\/#website\",\"url\":\"https:\\\/\\\/fiftyone.es\\\/\",\"name\":\"Fiftyone\",\"description\":\"Servicios de formaci\u00f3n de idiomas\",\"publisher\":{\"@id\":\"https:\\\/\\\/fiftyone.es\\\/#organization\"},\"potentialAction\":[{\"@type\":\"SearchAction\",\"target\":{\"@type\":\"EntryPoint\",\"urlTemplate\":\"https:\\\/\\\/fiftyone.es\\\/?s={search_term_string}\"},\"query-input\":{\"@type\":\"PropertyValueSpecification\",\"valueRequired\":true,\"valueName\":\"search_term_string\"}}],\"inLanguage\":\"en-GB\"},{\"@type\":\"Organization\",\"@id\":\"https:\\\/\\\/fiftyone.es\\\/#organization\",\"name\":\"Fiftyone\",\"url\":\"https:\\\/\\\/fiftyone.es\\\/\",\"logo\":{\"@type\":\"ImageObject\",\"inLanguage\":\"en-GB\",\"@id\":\"https:\\\/\\\/fiftyone.es\\\/#\\\/schema\\\/logo\\\/image\\\/\",\"url\":\"https:\\\/\\\/fiftyone.es\\\/wp-content\\\/uploads\\\/2022\\\/03\\\/favicon2.svg\",\"contentUrl\":\"https:\\\/\\\/fiftyone.es\\\/wp-content\\\/uploads\\\/2022\\\/03\\\/favicon2.svg\",\"width\":\"1024\",\"height\":\"1024\",\"caption\":\"Fiftyone\"},\"image\":{\"@id\":\"https:\\\/\\\/fiftyone.es\\\/#\\\/schema\\\/logo\\\/image\\\/\"},\"sameAs\":[\"https:\\\/\\\/instagram.com\\\/fiftyone.sl?igshid=OGQ5ZDc2ODk2ZA==\"]}]}<\/script>\n<!-- \/ Yoast SEO plugin. -->","yoast_head_json":{"title":"Aviso legal - Fiftyone","description":"En esta p\u00e1gina encontrar\u00e1s la identificaci\u00f3n del propietario y los datos obligatorios por la Ley de Servicios de la Iformaci\u00f3n (LSSI).","robots":{"index":"index","follow":"follow","max-snippet":"max-snippet:-1","max-image-preview":"max-image-preview:large","max-video-preview":"max-video-preview:-1"},"canonical":"https:\/\/fiftyone.es\/en\/aviso-legal\/","og_locale":"en_GB","og_type":"article","og_title":"Aviso legal - Fiftyone","og_description":"En esta p\u00e1gina encontrar\u00e1s la identificaci\u00f3n del propietario y los datos obligatorios por la Ley de Servicios de la Iformaci\u00f3n (LSSI).","og_url":"https:\/\/fiftyone.es\/en\/aviso-legal\/","og_site_name":"Fiftyone","article_modified_time":"2022-10-03T17:11:49+00:00","twitter_card":"summary_large_image","twitter_misc":{"Estimated reading time":"11 minutes"},"schema":{"@context":"https:\/\/schema.org","@graph":[{"@type":"WebPage","@id":"https:\/\/fiftyone.es\/aviso-legal\/","url":"https:\/\/fiftyone.es\/aviso-legal\/","name":"Aviso legal - Fiftyone","isPartOf":{"@id":"https:\/\/fiftyone.es\/#website"},"datePublished":"2022-03-02T00:25:58+00:00","dateModified":"2022-10-03T17:11:49+00:00","description":"En esta p\u00e1gina encontrar\u00e1s la identificaci\u00f3n del propietario y los datos obligatorios por la Ley de Servicios de la Iformaci\u00f3n (LSSI).","breadcrumb":{"@id":"https:\/\/fiftyone.es\/aviso-legal\/#breadcrumb"},"inLanguage":"en-GB","potentialAction":[{"@type":"ReadAction","target":["https:\/\/fiftyone.es\/aviso-legal\/"]}]},{"@type":"BreadcrumbList","@id":"https:\/\/fiftyone.es\/aviso-legal\/#breadcrumb","itemListElement":[{"@type":"ListItem","position":1,"name":"Portada","item":"https:\/\/fiftyone.es\/"},{"@type":"ListItem","position":2,"name":"Aviso legal"}]},{"@type":"WebSite","@id":"https:\/\/fiftyone.es\/#website","url":"https:\/\/fiftyone.es\/","name":"Fiftyone","description":"Servicios de formaci\u00f3n de idiomas","publisher":{"@id":"https:\/\/fiftyone.es\/#organization"},"potentialAction":[{"@type":"SearchAction","target":{"@type":"EntryPoint","urlTemplate":"https:\/\/fiftyone.es\/?s={search_term_string}"},"query-input":{"@type":"PropertyValueSpecification","valueRequired":true,"valueName":"search_term_string"}}],"inLanguage":"en-GB"},{"@type":"Organization","@id":"https:\/\/fiftyone.es\/#organization","name":"Fiftyone","url":"https:\/\/fiftyone.es\/","logo":{"@type":"ImageObject","inLanguage":"en-GB","@id":"https:\/\/fiftyone.es\/#\/schema\/logo\/image\/","url":"https:\/\/fiftyone.es\/wp-content\/uploads\/2022\/03\/favicon2.svg","contentUrl":"https:\/\/fiftyone.es\/wp-content\/uploads\/2022\/03\/favicon2.svg","width":"1024","height":"1024","caption":"Fiftyone"},"image":{"@id":"https:\/\/fiftyone.es\/#\/schema\/logo\/image\/"},"sameAs":["https:\/\/instagram.com\/fiftyone.sl?igshid=OGQ5ZDc2ODk2ZA=="]}]}},"jetpack_sharing_enabled":true,"_links":{"self":[{"href":"https:\/\/fiftyone.es\/en\/wp-json\/wp\/v2\/pages\/114","targetHints":{"allow":["GET"]}}],"collection":[{"href":"https:\/\/fiftyone.es\/en\/wp-json\/wp\/v2\/pages"}],"about":[{"href":"https:\/\/fiftyone.es\/en\/wp-json\/wp\/v2\/types\/page"}],"author":[{"embeddable":true,"href":"https:\/\/fiftyone.es\/en\/wp-json\/wp\/v2\/users\/1"}],"replies":[{"embeddable":true,"href":"https:\/\/fiftyone.es\/en\/wp-json\/wp\/v2\/comments?post=114"}],"version-history":[{"count":7,"href":"https:\/\/fiftyone.es\/en\/wp-json\/wp\/v2\/pages\/114\/revisions"}],"predecessor-version":[{"id":1077,"href":"https:\/\/fiftyone.es\/en\/wp-json\/wp\/v2\/pages\/114\/revisions\/1077"}],"wp:attachment":[{"href":"https:\/\/fiftyone.es\/en\/wp-json\/wp\/v2\/media?parent=114"}],"curies":[{"name":"wp","href":"https:\/\/api.w.org\/{rel}","templated":true}]}}